{"id":911,"date":"2023-08-29T11:40:46","date_gmt":"2023-08-29T12:40:46","guid":{"rendered":"https:\/\/veamvisuals.com\/?page_id=911"},"modified":"2023-09-17T16:12:50","modified_gmt":"2023-09-17T17:12:50","slug":"yogamarga","status":"publish","type":"page","link":"https:\/\/veamvisuals.com\/en\/yogamarga\/","title":{"rendered":"Yogamarga"},"content":{"rendered":"<div data-elementor-type=\"wp-page\" data-elementor-id=\"911\" class=\"elementor elementor-911\" data-elementor-post-type=\"page\">\n\t\t\t\t\t\t<section class=\"elementor-section elementor-top-section elementor-element elementor-element-acb9681 elementor-section-full_width elementor-section-stretched elementor-section-height-default elementor-section-height-default\" data-id=\"acb9681\" data-element_type=\"section\" data-settings=\"{&quot;stretch_section&quot;:&quot;section-stretched&quot;}\">\n\t\t\t\t\t\t<div class=\"elementor-container elementor-column-gap-default\">\n\t\t\t\t\t<div class=\"elementor-column elementor-col-100 elementor-top-column elementor-element elementor-element-fb81f68\" data-id=\"fb81f68\" data-element_type=\"column\">\n\t\t\t<div class=\"elementor-widget-wrap elementor-element-populated\">\n\t\t\t\t\t\t<div class=\"elementor-element elementor-element-8cb8dfc elementor-widget elementor-widget-qi_addons_for_elementor_text_marquee\" data-id=\"8cb8dfc\" data-element_type=\"widget\" data-widget_type=\"qi_addons_for_elementor_text_marquee.default\">\n\t\t\t\t<div class=\"elementor-widget-container\">\n\t\t\t\t\t<div class=\"qodef-shortcode qodef-m qodef-qi-text-marquee qodef-layout--default\">\n\t<div class=\"qodef-m-content\">\n\t\t<div class=\"qodef-m-text qodef-text--original\">\n\t\t\t\t\t\t\t<span class=\"qodef-m-text-item elementor-repeater-item-dfc9e01\" >YOGAMARGA<\/span>\n\t\t\t\t\t\t\t\t\t<\/div>\n\t\t<div class=\"qodef-m-text qodef-text--copy\">\n\t\t\t\t\t\t\t<span class=\"qodef-m-text-item elementor-repeater-item-dfc9e01\" >YOGAMARGA<\/span>\n\t\t\t\t\t\t\t\t\t<\/div>\n\t<\/div>\n<\/div>\n\t\t\t\t<\/div>\n\t\t\t\t<\/div>\n\t\t\t\t<div class=\"elementor-element elementor-element-ac2b70f elementor-widget elementor-widget-heading\" data-id=\"ac2b70f\" data-element_type=\"widget\" data-widget_type=\"heading.default\">\n\t\t\t\t<div class=\"elementor-widget-container\">\n\t\t\t\t\t<h1 class=\"elementor-heading-title elementor-size-xxl\">YOGAMARGA<\/h1>\t\t\t\t<\/div>\n\t\t\t\t<\/div>\n\t\t\t\t<div class=\"elementor-element elementor-element-a190729 elementor-widget__width-initial elementor-widget elementor-widget-text-editor\" data-id=\"a190729\" data-element_type=\"widget\" data-widget_type=\"text-editor.default\">\n\t\t\t\t<div class=\"elementor-widget-container\">\n\t\t\t\t\t\t\t\t\t<p>Yogamarga es la escuela de formaci\u00f3n de yoga de referencia en Barcelona en la que acompa\u00f1an a cada alumno a descubrir y honrar su singularidad anat\u00f3mica para desbloquear su m\u00e1ximo potencial.<\/p><p>Marghe, su fundadora, nos pidi\u00f3 que nos encarg\u00e1ramos de las fotos del equipo para su p\u00e1gina web y de la grabaci\u00f3n y edici\u00f3n de varios v\u00eddeos cortos para impulsar el lanzamiento de sus nuevos programas formativos.<\/p>\t\t\t\t\t\t\t\t<\/div>\n\t\t\t\t<\/div>\n\t\t\t\t\t<\/div>\n\t\t<\/div>\n\t\t\t\t\t<\/div>\n\t\t<\/section>\n\t\t\t\t<section class=\"elementor-section elementor-top-section elementor-element elementor-element-d1ae7b5 elementor-section-boxed elementor-section-height-default elementor-section-height-default\" data-id=\"d1ae7b5\" data-element_type=\"section\">\n\t\t\t\t\t\t<div class=\"elementor-container elementor-column-gap-default\">\n\t\t\t\t\t<div class=\"elementor-column elementor-col-100 elementor-top-column elementor-element elementor-element-e1da11f\" data-id=\"e1da11f\" data-element_type=\"column\">\n\t\t\t<div class=\"elementor-widget-wrap elementor-element-populated\">\n\t\t\t\t\t\t<div class=\"elementor-element elementor-element-e2daa1c elementor-widget elementor-widget-image\" data-id=\"e2daa1c\" data-element_type=\"widget\" data-widget_type=\"image.default\">\n\t\t\t\t<div class=\"elementor-widget-container\">\n\t\t\t\t\t\t\t\t\t\t\t\t\t\t\t<img fetchpriority=\"high\" decoding=\"async\" width=\"1620\" height=\"1080\" src=\"https:\/\/veamvisuals.com\/wp-content\/uploads\/2023\/08\/Yogamarga-69b_w-scaled.jpg\" class=\"attachment-full size-full wp-image-919\" alt=\"\" srcset=\"https:\/\/veamvisuals.com\/wp-content\/uploads\/2023\/08\/Yogamarga-69b_w-scaled.jpg 1620w, https:\/\/veamvisuals.com\/wp-content\/uploads\/2023\/08\/Yogamarga-69b_w-300x200.jpg 300w, https:\/\/veamvisuals.com\/wp-content\/uploads\/2023\/08\/Yogamarga-69b_w-768x512.jpg 768w, https:\/\/veamvisuals.com\/wp-content\/uploads\/2023\/08\/Yogamarga-69b_w-1536x1024.jpg 1536w, https:\/\/veamvisuals.com\/wp-content\/uploads\/2023\/08\/Yogamarga-69b_w-2048x1365.jpg 2048w\" sizes=\"(max-width: 1620px) 100vw, 1620px\" \/>\t\t\t\t\t\t\t\t\t\t\t\t\t\t\t<\/div>\n\t\t\t\t<\/div>\n\t\t\t\t\t<\/div>\n\t\t<\/div>\n\t\t\t\t\t<\/div>\n\t\t<\/section>\n\t\t\t\t<section class=\"elementor-section elementor-top-section elementor-element elementor-element-b2fe35f elementor-section-boxed elementor-section-height-default elementor-section-height-default\" data-id=\"b2fe35f\" data-element_type=\"section\" id=\"videos\">\n\t\t\t\t\t\t<div class=\"elementor-container elementor-column-gap-default\">\n\t\t\t\t\t<div class=\"elementor-column elementor-col-100 elementor-top-column elementor-element elementor-element-d391645\" data-id=\"d391645\" data-element_type=\"column\">\n\t\t\t<div class=\"elementor-widget-wrap elementor-element-populated\">\n\t\t\t\t\t\t<div class=\"elementor-element elementor-element-6b983ea elementor-widget elementor-widget-qi_addons_for_elementor_premium_horizontal_double_row_project_showcase\" data-id=\"6b983ea\" data-element_type=\"widget\" data-widget_type=\"qi_addons_for_elementor_premium_horizontal_double_row_project_showcase.default\">\n\t\t\t\t<div class=\"elementor-widget-container\">\n\t\t\t\t\t<div class=\"qodef-shortcode qodef-m qodef-qi-horizontal-double-row-project-showcase\">\n\t<div class=\"qodef-items-holder\">\n\t\t\t\t\t\t\t<article class=\"qodef-e-featured qodef-e\">\n\t\t\t\t<div class=\"qodef-e-inner\">\n\t\t\t\t\t<div class=\"qodef-e-image\">\n\t<img decoding=\"async\" width=\"720\" height=\"1080\" data-src=\"https:\/\/veamvisuals.com\/wp-content\/uploads\/2023\/08\/Yogamarga-60b_w-scaled.jpg\" class=\"attachment-full size-full lazyload\" alt=\"\" data-srcset=\"https:\/\/veamvisuals.com\/wp-content\/uploads\/2023\/08\/Yogamarga-60b_w-scaled.jpg 720w, https:\/\/veamvisuals.com\/wp-content\/uploads\/2023\/08\/Yogamarga-60b_w-200x300.jpg 200w, https:\/\/veamvisuals.com\/wp-content\/uploads\/2023\/08\/Yogamarga-60b_w-768x1152.jpg 768w, https:\/\/veamvisuals.com\/wp-content\/uploads\/2023\/08\/Yogamarga-60b_w-1024x1536.jpg 1024w, https:\/\/veamvisuals.com\/wp-content\/uploads\/2023\/08\/Yogamarga-60b_w-1365x2048.jpg 1365w\" data-sizes=\"(max-width: 720px) 100vw, 720px\" src=\"data:image\/svg+xml;base64,PHN2ZyB3aWR0aD0iMSIgaGVpZ2h0PSIxIiB4bWxucz0iaHR0cDovL3d3dy53My5vcmcvMjAwMC9zdmciPjwvc3ZnPg==\" style=\"--smush-placeholder-width: 720px; --smush-placeholder-aspect-ratio: 720\/1080;\" \/><\/div>\n\t\t\t\t\t<div class=\"qodef-e-content-featured\">\n\t\t\t\t\t\t\t\t\t\t\t\t\t\t\t\t\t\t\t\t\t\t\t<\/div>\n\t\t\t\t<\/div>\n\t\t\t<\/article>\n\t\t\t\t\t\t\t<article class=\"qodef-e qodef-e-item\">\n\t\t\t\t\t<div class=\"qodef-e-inner\">\n\t\t\t\t\t\t\t\t\t\t\t\t<div class=\"qodef-e-image\">\n\t<div class=\"qodef-e-icon-holder\">\n\t\t<div class=\"qodef-e-icon-holder-inner\">\n\t\t\t\t\t<\/div>\n\t<\/div>\n\t<img decoding=\"async\" width=\"720\" height=\"1080\" data-src=\"https:\/\/veamvisuals.com\/wp-content\/uploads\/2023\/08\/Yogamarga-30B_W-scaled.jpg\" class=\"attachment-full size-full lazyload\" alt=\"\" data-srcset=\"https:\/\/veamvisuals.com\/wp-content\/uploads\/2023\/08\/Yogamarga-30B_W-scaled.jpg 720w, https:\/\/veamvisuals.com\/wp-content\/uploads\/2023\/08\/Yogamarga-30B_W-200x300.jpg 200w, https:\/\/veamvisuals.com\/wp-content\/uploads\/2023\/08\/Yogamarga-30B_W-768x1152.jpg 768w, https:\/\/veamvisuals.com\/wp-content\/uploads\/2023\/08\/Yogamarga-30B_W-1024x1536.jpg 1024w, https:\/\/veamvisuals.com\/wp-content\/uploads\/2023\/08\/Yogamarga-30B_W-1365x2048.jpg 1365w\" data-sizes=\"(max-width: 720px) 100vw, 720px\" src=\"data:image\/svg+xml;base64,PHN2ZyB3aWR0aD0iMSIgaGVpZ2h0PSIxIiB4bWxucz0iaHR0cDovL3d3dy53My5vcmcvMjAwMC9zdmciPjwvc3ZnPg==\" style=\"--smush-placeholder-width: 720px; --smush-placeholder-aspect-ratio: 720\/1080;\" \/><\/div>\n\t\t\t\t\t\t\t\t\t\t\t\t\t\t\t\t\t<\/div>\n\t\t\t\t<\/article>\n\t\t\t\t\t\t\t\t<article class=\"qodef-e qodef-e-item\">\n\t\t\t\t\t<div class=\"qodef-e-inner\">\n\t\t\t\t\t\t\t\t\t\t\t\t<div class=\"qodef-e-image\">\n\t<div class=\"qodef-e-icon-holder\">\n\t\t<div class=\"qodef-e-icon-holder-inner\">\n\t\t\t\t\t<\/div>\n\t<\/div>\n\t<img decoding=\"async\" width=\"720\" height=\"1080\" data-src=\"https:\/\/veamvisuals.com\/wp-content\/uploads\/2023\/08\/Yogamarga-45-1-scaled.jpg\" class=\"attachment-full size-full lazyload\" alt=\"\" data-srcset=\"https:\/\/veamvisuals.com\/wp-content\/uploads\/2023\/08\/Yogamarga-45-1-scaled.jpg 720w, https:\/\/veamvisuals.com\/wp-content\/uploads\/2023\/08\/Yogamarga-45-1-200x300.jpg 200w, https:\/\/veamvisuals.com\/wp-content\/uploads\/2023\/08\/Yogamarga-45-1-768x1152.jpg 768w, https:\/\/veamvisuals.com\/wp-content\/uploads\/2023\/08\/Yogamarga-45-1-1024x1536.jpg 1024w, https:\/\/veamvisuals.com\/wp-content\/uploads\/2023\/08\/Yogamarga-45-1-1365x2048.jpg 1365w\" data-sizes=\"(max-width: 720px) 100vw, 720px\" src=\"data:image\/svg+xml;base64,PHN2ZyB3aWR0aD0iMSIgaGVpZ2h0PSIxIiB4bWxucz0iaHR0cDovL3d3dy53My5vcmcvMjAwMC9zdmciPjwvc3ZnPg==\" style=\"--smush-placeholder-width: 720px; --smush-placeholder-aspect-ratio: 720\/1080;\" \/><\/div>\n\t\t\t\t\t\t\t\t\t\t\t\t\t\t\t\t\t<\/div>\n\t\t\t\t<\/article>\n\t\t\t\t\t\t\t\t<article class=\"qodef-e qodef-e-item\">\n\t\t\t\t\t<div class=\"qodef-e-inner\">\n\t\t\t\t\t\t\t\t\t\t\t\t<div class=\"qodef-e-image\">\n\t<div class=\"qodef-e-icon-holder\">\n\t\t<div class=\"qodef-e-icon-holder-inner\">\n\t\t\t\t\t<\/div>\n\t<\/div>\n\t<img decoding=\"async\" width=\"720\" height=\"1080\" data-src=\"https:\/\/veamvisuals.com\/wp-content\/uploads\/2023\/08\/Yogamarga-49-scaled.jpg\" class=\"attachment-full size-full lazyload\" alt=\"\" data-srcset=\"https:\/\/veamvisuals.com\/wp-content\/uploads\/2023\/08\/Yogamarga-49-scaled.jpg 720w, https:\/\/veamvisuals.com\/wp-content\/uploads\/2023\/08\/Yogamarga-49-200x300.jpg 200w, https:\/\/veamvisuals.com\/wp-content\/uploads\/2023\/08\/Yogamarga-49-768x1152.jpg 768w, https:\/\/veamvisuals.com\/wp-content\/uploads\/2023\/08\/Yogamarga-49-1024x1536.jpg 1024w, https:\/\/veamvisuals.com\/wp-content\/uploads\/2023\/08\/Yogamarga-49-1365x2048.jpg 1365w\" data-sizes=\"(max-width: 720px) 100vw, 720px\" src=\"data:image\/svg+xml;base64,PHN2ZyB3aWR0aD0iMSIgaGVpZ2h0PSIxIiB4bWxucz0iaHR0cDovL3d3dy53My5vcmcvMjAwMC9zdmciPjwvc3ZnPg==\" style=\"--smush-placeholder-width: 720px; --smush-placeholder-aspect-ratio: 720\/1080;\" \/><\/div>\n\t\t\t\t\t\t\t\t\t\t\t\t\t\t\t\t\t<\/div>\n\t\t\t\t<\/article>\n\t\t\t\t\t\t\t\t<article class=\"qodef-e qodef-e-item\">\n\t\t\t\t\t<div class=\"qodef-e-inner\">\n\t\t\t\t\t\t\t\t\t\t\t\t<div class=\"qodef-e-image\">\n\t<div class=\"qodef-e-icon-holder\">\n\t\t<div class=\"qodef-e-icon-holder-inner\">\n\t\t\t\t\t<\/div>\n\t<\/div>\n\t<img decoding=\"async\" width=\"720\" height=\"1080\" data-src=\"https:\/\/veamvisuals.com\/wp-content\/uploads\/2023\/08\/Yogamarga-3B_W-scaled.jpg\" class=\"attachment-full size-full lazyload\" alt=\"\" data-srcset=\"https:\/\/veamvisuals.com\/wp-content\/uploads\/2023\/08\/Yogamarga-3B_W-scaled.jpg 720w, https:\/\/veamvisuals.com\/wp-content\/uploads\/2023\/08\/Yogamarga-3B_W-200x300.jpg 200w, https:\/\/veamvisuals.com\/wp-content\/uploads\/2023\/08\/Yogamarga-3B_W-768x1152.jpg 768w, https:\/\/veamvisuals.com\/wp-content\/uploads\/2023\/08\/Yogamarga-3B_W-1024x1536.jpg 1024w, https:\/\/veamvisuals.com\/wp-content\/uploads\/2023\/08\/Yogamarga-3B_W-1365x2048.jpg 1365w\" data-sizes=\"(max-width: 720px) 100vw, 720px\" src=\"data:image\/svg+xml;base64,PHN2ZyB3aWR0aD0iMSIgaGVpZ2h0PSIxIiB4bWxucz0iaHR0cDovL3d3dy53My5vcmcvMjAwMC9zdmciPjwvc3ZnPg==\" style=\"--smush-placeholder-width: 720px; --smush-placeholder-aspect-ratio: 720\/1080;\" \/><\/div>\n\t\t\t\t\t\t\t\t\t\t\t\t\t\t\t\t\t<\/div>\n\t\t\t\t<\/article>\n\t\t\t\t\t<\/div>\n<\/div>\n\t\t\t\t<\/div>\n\t\t\t\t<\/div>\n\t\t\t\t\t<\/div>\n\t\t<\/div>\n\t\t\t\t\t<\/div>\n\t\t<\/section>\n\t\t\t\t<section class=\"elementor-section elementor-top-section elementor-element elementor-element-18cd8e1 elementor-section-boxed elementor-section-height-default elementor-section-height-default\" data-id=\"18cd8e1\" data-element_type=\"section\">\n\t\t\t\t\t\t<div class=\"elementor-container elementor-column-gap-default\">\n\t\t\t\t\t<div class=\"elementor-column elementor-col-100 elementor-top-column elementor-element elementor-element-72aef64\" data-id=\"72aef64\" data-element_type=\"column\">\n\t\t\t<div class=\"elementor-widget-wrap elementor-element-populated\">\n\t\t\t\t\t\t<div class=\"elementor-element elementor-element-274ef39 elementor-widget elementor-widget-image\" data-id=\"274ef39\" data-element_type=\"widget\" data-widget_type=\"image.default\">\n\t\t\t\t<div class=\"elementor-widget-container\">\n\t\t\t\t\t\t\t\t\t\t\t\t\t\t\t<img decoding=\"async\" width=\"1620\" height=\"1080\" data-src=\"https:\/\/veamvisuals.com\/wp-content\/uploads\/2023\/08\/Yogamarga-64b_w-scaled.jpg\" class=\"attachment-full size-full wp-image-922 lazyload\" alt=\"\" data-srcset=\"https:\/\/veamvisuals.com\/wp-content\/uploads\/2023\/08\/Yogamarga-64b_w-scaled.jpg 1620w, https:\/\/veamvisuals.com\/wp-content\/uploads\/2023\/08\/Yogamarga-64b_w-300x200.jpg 300w, https:\/\/veamvisuals.com\/wp-content\/uploads\/2023\/08\/Yogamarga-64b_w-768x512.jpg 768w, https:\/\/veamvisuals.com\/wp-content\/uploads\/2023\/08\/Yogamarga-64b_w-1536x1024.jpg 1536w, https:\/\/veamvisuals.com\/wp-content\/uploads\/2023\/08\/Yogamarga-64b_w-2048x1365.jpg 2048w\" data-sizes=\"(max-width: 1620px) 100vw, 1620px\" src=\"data:image\/svg+xml;base64,PHN2ZyB3aWR0aD0iMSIgaGVpZ2h0PSIxIiB4bWxucz0iaHR0cDovL3d3dy53My5vcmcvMjAwMC9zdmciPjwvc3ZnPg==\" style=\"--smush-placeholder-width: 1620px; --smush-placeholder-aspect-ratio: 1620\/1080;\" \/>\t\t\t\t\t\t\t\t\t\t\t\t\t\t\t<\/div>\n\t\t\t\t<\/div>\n\t\t\t\t\t<\/div>\n\t\t<\/div>\n\t\t\t\t\t<\/div>\n\t\t<\/section>\n\t\t\t\t<section class=\"elementor-section elementor-top-section elementor-element elementor-element-dab1744 elementor-section-boxed elementor-section-height-default elementor-section-height-default\" data-id=\"dab1744\" data-element_type=\"section\">\n\t\t\t\t\t\t<div class=\"elementor-container elementor-column-gap-default\">\n\t\t\t\t\t<div class=\"elementor-column elementor-col-33 elementor-top-column elementor-element elementor-element-e57b501\" data-id=\"e57b501\" data-element_type=\"column\">\n\t\t\t<div class=\"elementor-widget-wrap elementor-element-populated\">\n\t\t\t\t\t\t\t<\/div>\n\t\t<\/div>\n\t\t\t\t<div class=\"elementor-column elementor-col-33 elementor-top-column elementor-element elementor-element-3edea50\" data-id=\"3edea50\" data-element_type=\"column\">\n\t\t\t<div class=\"elementor-widget-wrap\">\n\t\t\t\t\t\t\t<\/div>\n\t\t<\/div>\n\t\t\t\t<div class=\"elementor-column elementor-col-33 elementor-top-column elementor-element elementor-element-d47342c\" data-id=\"d47342c\" data-element_type=\"column\">\n\t\t\t<div class=\"elementor-widget-wrap\">\n\t\t\t\t\t\t\t<\/div>\n\t\t<\/div>\n\t\t\t\t\t<\/div>\n\t\t<\/section>\n\t\t\t\t<\/div>","protected":false},"excerpt":{"rendered":"<p>YOGAMARGA YOGAMARGA YOGAMARGA Yogamarga es la escuela de formaci\u00f3n de yoga de referencia en Barcelona en la que acompa\u00f1an a cada alumno a descubrir y honrar su singularidad anat\u00f3mica para desbloquear su m\u00e1ximo potencial. Marghe, su fundadora, nos pidi\u00f3 que nos encarg\u00e1ramos de las fotos del equipo para su p\u00e1gina web y de la grabaci\u00f3n [&hellip;]<\/p>","protected":false},"author":1,"featured_media":0,"parent":0,"menu_order":0,"comment_status":"closed","ping_status":"closed","template":"elementor_header_footer","meta":{"_joinchat":[],"footnotes":""},"class_list":["post-911","page","type-page","status-publish","hentry"],"yoast_head":"<!-- This site is optimized with the Yoast SEO plugin v25.6 - https:\/\/yoast.com\/wordpress\/plugins\/seo\/ -->\n<title>Yogamarga - Creaci\u00f3n de contenidos para marcas<\/title>\n<meta name=\"robots\" content=\"index, follow, max-snippet:-1, max-image-preview:large, max-video-preview:-1\" \/>\n<link rel=\"canonical\" href=\"https:\/\/veamvisuals.com\/en\/yogamarga\/\" \/>\n<meta property=\"og:locale\" content=\"en_GB\" \/>\n<meta property=\"og:type\" content=\"article\" \/>\n<meta property=\"og:title\" content=\"Yogamarga - Creaci\u00f3n de contenidos para marcas\" \/>\n<meta property=\"og:description\" content=\"YOGAMARGA YOGAMARGA YOGAMARGA Yogamarga es la escuela de formaci\u00f3n de yoga de referencia en Barcelona en la que acompa\u00f1an a cada alumno a descubrir y honrar su singularidad anat\u00f3mica para desbloquear su m\u00e1ximo potencial. Marghe, su fundadora, nos pidi\u00f3 que nos encarg\u00e1ramos de las fotos del equipo para su p\u00e1gina web y de la grabaci\u00f3n [&hellip;]\" \/>\n<meta property=\"og:url\" content=\"https:\/\/veamvisuals.com\/en\/yogamarga\/\" \/>\n<meta property=\"og:site_name\" content=\"Creaci\u00f3n de contenidos para marcas\" \/>\n<meta property=\"article:modified_time\" content=\"2023-09-17T17:12:50+00:00\" \/>\n<meta property=\"og:image\" content=\"https:\/\/veamvisuals.com\/wp-content\/uploads\/2023\/08\/Yogamarga-69b_w-scaled.jpg\" \/>\n<meta name=\"twitter:card\" content=\"summary_large_image\" \/>\n<meta name=\"twitter:label1\" content=\"Estimated reading time\" \/>\n\t<meta name=\"twitter:data1\" content=\"2 minutes\" \/>\n<script type=\"application\/ld+json\" class=\"yoast-schema-graph\">{\"@context\":\"https:\/\/schema.org\",\"@graph\":[{\"@type\":\"WebPage\",\"@id\":\"https:\/\/veamvisuals.com\/yogamarga\/\",\"url\":\"https:\/\/veamvisuals.com\/yogamarga\/\",\"name\":\"Yogamarga - Creaci\u00f3n de contenidos para marcas\",\"isPartOf\":{\"@id\":\"https:\/\/veamvisuals.com\/#website\"},\"primaryImageOfPage\":{\"@id\":\"https:\/\/veamvisuals.com\/yogamarga\/#primaryimage\"},\"image\":{\"@id\":\"https:\/\/veamvisuals.com\/yogamarga\/#primaryimage\"},\"thumbnailUrl\":\"https:\/\/veamvisuals.com\/wp-content\/uploads\/2023\/08\/Yogamarga-69b_w-scaled.jpg\",\"datePublished\":\"2023-08-29T12:40:46+00:00\",\"dateModified\":\"2023-09-17T17:12:50+00:00\",\"breadcrumb\":{\"@id\":\"https:\/\/veamvisuals.com\/yogamarga\/#breadcrumb\"},\"inLanguage\":\"en-GB\",\"potentialAction\":[{\"@type\":\"ReadAction\",\"target\":[\"https:\/\/veamvisuals.com\/yogamarga\/\"]}]},{\"@type\":\"ImageObject\",\"inLanguage\":\"en-GB\",\"@id\":\"https:\/\/veamvisuals.com\/yogamarga\/#primaryimage\",\"url\":\"https:\/\/veamvisuals.com\/wp-content\/uploads\/2023\/08\/Yogamarga-69b_w-scaled.jpg\",\"contentUrl\":\"https:\/\/veamvisuals.com\/wp-content\/uploads\/2023\/08\/Yogamarga-69b_w-scaled.jpg\"},{\"@type\":\"BreadcrumbList\",\"@id\":\"https:\/\/veamvisuals.com\/yogamarga\/#breadcrumb\",\"itemListElement\":[{\"@type\":\"ListItem\",\"position\":1,\"name\":\"Portada\",\"item\":\"https:\/\/veamvisuals.com\/\"},{\"@type\":\"ListItem\",\"position\":2,\"name\":\"Yogamarga\"}]},{\"@type\":\"WebSite\",\"@id\":\"https:\/\/veamvisuals.com\/#website\",\"url\":\"https:\/\/veamvisuals.com\/\",\"name\":\"Creaci\u00f3n de contenidos para marcas\",\"description\":\"impulsando la visibilidad de las marcas\",\"publisher\":{\"@id\":\"https:\/\/veamvisuals.com\/#organization\"},\"potentialAction\":[{\"@type\":\"SearchAction\",\"target\":{\"@type\":\"EntryPoint\",\"urlTemplate\":\"https:\/\/veamvisuals.com\/?s={search_term_string}\"},\"query-input\":{\"@type\":\"PropertyValueSpecification\",\"valueRequired\":true,\"valueName\":\"search_term_string\"}}],\"inLanguage\":\"en-GB\"},{\"@type\":\"Organization\",\"@id\":\"https:\/\/veamvisuals.com\/#organization\",\"name\":\"Creaci\u00f3n de contenidos para marcas\",\"url\":\"https:\/\/veamvisuals.com\/\",\"logo\":{\"@type\":\"ImageObject\",\"inLanguage\":\"en-GB\",\"@id\":\"https:\/\/veamvisuals.com\/#\/schema\/logo\/image\/\",\"url\":\"https:\/\/veamvisuals.com\/wp-content\/uploads\/2021\/08\/OK_logo-secundario.png\",\"contentUrl\":\"https:\/\/veamvisuals.com\/wp-content\/uploads\/2021\/08\/OK_logo-secundario.png\",\"width\":800,\"height\":1040,\"caption\":\"Creaci\u00f3n de contenidos para marcas\"},\"image\":{\"@id\":\"https:\/\/veamvisuals.com\/#\/schema\/logo\/image\/\"}}]}<\/script>\n<!-- \/ Yoast SEO plugin. -->","yoast_head_json":{"title":"Yogamarga - Creaci\u00f3n de contenidos para marcas","robots":{"index":"index","follow":"follow","max-snippet":"max-snippet:-1","max-image-preview":"max-image-preview:large","max-video-preview":"max-video-preview:-1"},"canonical":"https:\/\/veamvisuals.com\/en\/yogamarga\/","og_locale":"en_GB","og_type":"article","og_title":"Yogamarga - Creaci\u00f3n de contenidos para marcas","og_description":"YOGAMARGA YOGAMARGA YOGAMARGA Yogamarga es la escuela de formaci\u00f3n de yoga de referencia en Barcelona en la que acompa\u00f1an a cada alumno a descubrir y honrar su singularidad anat\u00f3mica para desbloquear su m\u00e1ximo potencial. Marghe, su fundadora, nos pidi\u00f3 que nos encarg\u00e1ramos de las fotos del equipo para su p\u00e1gina web y de la grabaci\u00f3n [&hellip;]","og_url":"https:\/\/veamvisuals.com\/en\/yogamarga\/","og_site_name":"Creaci\u00f3n de contenidos para marcas","article_modified_time":"2023-09-17T17:12:50+00:00","og_image":[{"url":"https:\/\/veamvisuals.com\/wp-content\/uploads\/2023\/08\/Yogamarga-69b_w-scaled.jpg","type":"","width":"","height":""}],"twitter_card":"summary_large_image","twitter_misc":{"Estimated reading time":"2 minutes"},"schema":{"@context":"https:\/\/schema.org","@graph":[{"@type":"WebPage","@id":"https:\/\/veamvisuals.com\/yogamarga\/","url":"https:\/\/veamvisuals.com\/yogamarga\/","name":"Yogamarga - Creaci\u00f3n de contenidos para marcas","isPartOf":{"@id":"https:\/\/veamvisuals.com\/#website"},"primaryImageOfPage":{"@id":"https:\/\/veamvisuals.com\/yogamarga\/#primaryimage"},"image":{"@id":"https:\/\/veamvisuals.com\/yogamarga\/#primaryimage"},"thumbnailUrl":"https:\/\/veamvisuals.com\/wp-content\/uploads\/2023\/08\/Yogamarga-69b_w-scaled.jpg","datePublished":"2023-08-29T12:40:46+00:00","dateModified":"2023-09-17T17:12:50+00:00","breadcrumb":{"@id":"https:\/\/veamvisuals.com\/yogamarga\/#breadcrumb"},"inLanguage":"en-GB","potentialAction":[{"@type":"ReadAction","target":["https:\/\/veamvisuals.com\/yogamarga\/"]}]},{"@type":"ImageObject","inLanguage":"en-GB","@id":"https:\/\/veamvisuals.com\/yogamarga\/#primaryimage","url":"https:\/\/veamvisuals.com\/wp-content\/uploads\/2023\/08\/Yogamarga-69b_w-scaled.jpg","contentUrl":"https:\/\/veamvisuals.com\/wp-content\/uploads\/2023\/08\/Yogamarga-69b_w-scaled.jpg"},{"@type":"BreadcrumbList","@id":"https:\/\/veamvisuals.com\/yogamarga\/#breadcrumb","itemListElement":[{"@type":"ListItem","position":1,"name":"Portada","item":"https:\/\/veamvisuals.com\/"},{"@type":"ListItem","position":2,"name":"Yogamarga"}]},{"@type":"WebSite","@id":"https:\/\/veamvisuals.com\/#website","url":"https:\/\/veamvisuals.com\/","name":"Creaci\u00f3n de contenidos para marcas","description":"impulsando la visibilidad de las marcas","publisher":{"@id":"https:\/\/veamvisuals.com\/#organization"},"potentialAction":[{"@type":"SearchAction","target":{"@type":"EntryPoint","urlTemplate":"https:\/\/veamvisuals.com\/?s={search_term_string}"},"query-input":{"@type":"PropertyValueSpecification","valueRequired":true,"valueName":"search_term_string"}}],"inLanguage":"en-GB"},{"@type":"Organization","@id":"https:\/\/veamvisuals.com\/#organization","name":"Creaci\u00f3n de contenidos para marcas","url":"https:\/\/veamvisuals.com\/","logo":{"@type":"ImageObject","inLanguage":"en-GB","@id":"https:\/\/veamvisuals.com\/#\/schema\/logo\/image\/","url":"https:\/\/veamvisuals.com\/wp-content\/uploads\/2021\/08\/OK_logo-secundario.png","contentUrl":"https:\/\/veamvisuals.com\/wp-content\/uploads\/2021\/08\/OK_logo-secundario.png","width":800,"height":1040,"caption":"Creaci\u00f3n de contenidos para marcas"},"image":{"@id":"https:\/\/veamvisuals.com\/#\/schema\/logo\/image\/"}}]}},"_links":{"self":[{"href":"https:\/\/veamvisuals.com\/en\/wp-json\/wp\/v2\/pages\/911","targetHints":{"allow":["GET"]}}],"collection":[{"href":"https:\/\/veamvisuals.com\/en\/wp-json\/wp\/v2\/pages"}],"about":[{"href":"https:\/\/veamvisuals.com\/en\/wp-json\/wp\/v2\/types\/page"}],"author":[{"embeddable":true,"href":"https:\/\/veamvisuals.com\/en\/wp-json\/wp\/v2\/users\/1"}],"replies":[{"embeddable":true,"href":"https:\/\/veamvisuals.com\/en\/wp-json\/wp\/v2\/comments?post=911"}],"version-history":[{"count":10,"href":"https:\/\/veamvisuals.com\/en\/wp-json\/wp\/v2\/pages\/911\/revisions"}],"predecessor-version":[{"id":1652,"href":"https:\/\/veamvisuals.com\/en\/wp-json\/wp\/v2\/pages\/911\/revisions\/1652"}],"wp:attachment":[{"href":"https:\/\/veamvisuals.com\/en\/wp-json\/wp\/v2\/media?parent=911"}],"curies":[{"name":"wp","href":"https:\/\/api.w.org\/{rel}","templated":true}]}}