{"id":823,"date":"2023-08-29T10:50:17","date_gmt":"2023-08-29T11:50:17","guid":{"rendered":"https:\/\/veamvisuals.com\/?page_id=823"},"modified":"2023-09-28T08:16:13","modified_gmt":"2023-09-28T09:16:13","slug":"brott-dog","status":"publish","type":"page","link":"https:\/\/veamvisuals.com\/en\/brott-dog\/","title":{"rendered":"Brott Dog"},"content":{"rendered":"<div data-elementor-type=\"wp-page\" data-elementor-id=\"823\" class=\"elementor elementor-823\" data-elementor-post-type=\"page\">\n\t\t\t\t\t\t<section class=\"elementor-section elementor-top-section elementor-element elementor-element-acb9681 elementor-section-full_width elementor-section-stretched elementor-section-height-default elementor-section-height-default\" data-id=\"acb9681\" data-element_type=\"section\" data-settings=\"{&quot;stretch_section&quot;:&quot;section-stretched&quot;}\">\n\t\t\t\t\t\t<div class=\"elementor-container elementor-column-gap-default\">\n\t\t\t\t\t<div class=\"elementor-column elementor-col-100 elementor-top-column elementor-element elementor-element-fb81f68\" data-id=\"fb81f68\" data-element_type=\"column\">\n\t\t\t<div class=\"elementor-widget-wrap elementor-element-populated\">\n\t\t\t\t\t\t<div class=\"elementor-element elementor-element-8cb8dfc elementor-widget elementor-widget-qi_addons_for_elementor_text_marquee\" data-id=\"8cb8dfc\" data-element_type=\"widget\" data-widget_type=\"qi_addons_for_elementor_text_marquee.default\">\n\t\t\t\t<div class=\"elementor-widget-container\">\n\t\t\t\t\t<div class=\"qodef-shortcode qodef-m qodef-qi-text-marquee qodef-layout--default\">\n\t<div class=\"qodef-m-content\">\n\t\t<div class=\"qodef-m-text qodef-text--original\">\n\t\t\t\t\t\t\t<span class=\"qodef-m-text-item elementor-repeater-item-dfc9e01\" >BROTT DOG\u200b<\/span>\n\t\t\t\t\t\t\t\t\t<\/div>\n\t\t<div class=\"qodef-m-text qodef-text--copy\">\n\t\t\t\t\t\t\t<span class=\"qodef-m-text-item elementor-repeater-item-dfc9e01\" >BROTT DOG\u200b<\/span>\n\t\t\t\t\t\t\t\t\t<\/div>\n\t<\/div>\n<\/div>\n\t\t\t\t<\/div>\n\t\t\t\t<\/div>\n\t\t\t\t<div class=\"elementor-element elementor-element-ac2b70f elementor-widget elementor-widget-heading\" data-id=\"ac2b70f\" data-element_type=\"widget\" data-widget_type=\"heading.default\">\n\t\t\t\t<div class=\"elementor-widget-container\">\n\t\t\t\t\t<h1 class=\"elementor-heading-title elementor-size-xxl\">BROTT DOG<\/h1>\t\t\t\t<\/div>\n\t\t\t\t<\/div>\n\t\t\t\t<div class=\"elementor-element elementor-element-a190729 elementor-widget__width-initial elementor-widget elementor-widget-text-editor\" data-id=\"a190729\" data-element_type=\"widget\" data-widget_type=\"text-editor.default\">\n\t\t\t\t<div class=\"elementor-widget-container\">\n\t\t\t\t\t\t\t\t\t<p>Brott Dog es una marca made in Barcelona que dise\u00f1a y confecciona de forma artesanal collares frescos, desenfadados y de alta calidad para perros modernos y con estilo.<\/p><p>Marc y Marta nos contactaron para que les realiz\u00e1ramos v\u00eddeos de la colecci\u00f3n Oto\u00f1o-Invierno 2022 y Primavera-Verano 2023 para sus RRSS adem\u00e1s de un v\u00eddeo de lanzamiento de la nueva colecci\u00f3n<\/p><div>\u00a0<\/div>\t\t\t\t\t\t\t\t<\/div>\n\t\t\t\t<\/div>\n\t\t\t\t\t<\/div>\n\t\t<\/div>\n\t\t\t\t\t<\/div>\n\t\t<\/section>\n\t\t\t\t<section class=\"elementor-section elementor-top-section elementor-element elementor-element-b2fe35f elementor-section-boxed elementor-section-height-default elementor-section-height-default\" data-id=\"b2fe35f\" data-element_type=\"section\" id=\"videos\">\n\t\t\t\t\t\t<div class=\"elementor-container elementor-column-gap-default\">\n\t\t\t\t\t<div class=\"elementor-column elementor-col-100 elementor-top-column elementor-element elementor-element-d391645\" data-id=\"d391645\" data-element_type=\"column\">\n\t\t\t<div class=\"elementor-widget-wrap\">\n\t\t\t\t\t\t\t<\/div>\n\t\t<\/div>\n\t\t\t\t\t<\/div>\n\t\t<\/section>\n\t\t\t\t<section class=\"elementor-section elementor-top-section elementor-element elementor-element-279a36fb elementor-section-boxed elementor-section-height-default elementor-section-height-default\" data-id=\"279a36fb\" data-element_type=\"section\">\n\t\t\t\t\t\t<div class=\"elementor-container elementor-column-gap-default\">\n\t\t\t\t\t<div class=\"elementor-column elementor-col-50 elementor-top-column elementor-element elementor-element-2bda0df5\" data-id=\"2bda0df5\" data-element_type=\"column\">\n\t\t\t<div class=\"elementor-widget-wrap elementor-element-populated\">\n\t\t\t\t\t\t<div class=\"elementor-element elementor-element-74904b11 elementor-invisible elementor-widget elementor-widget-video\" data-id=\"74904b11\" data-element_type=\"widget\" data-settings=\"{&quot;video_type&quot;:&quot;vimeo&quot;,&quot;show_image_overlay&quot;:&quot;yes&quot;,&quot;image_overlay&quot;:{&quot;url&quot;:&quot;https:\\\/\\\/veamvisuals.com\\\/wp-content\\\/uploads\\\/2023\\\/08\\\/VIDEO-WEB-scaled.jpg&quot;,&quot;id&quot;:825,&quot;size&quot;:&quot;&quot;,&quot;alt&quot;:&quot;&quot;,&quot;source&quot;:&quot;library&quot;},&quot;_animation&quot;:&quot;fadeInLeft&quot;,&quot;_animation_delay&quot;:150}\" data-widget_type=\"video.default\">\n\t\t\t\t<div class=\"elementor-widget-container\">\n\t\t\t\t\t\t\t<div class=\"elementor-wrapper elementor-open-inline\">\n\t\t\t<iframe class=\"elementor-video-iframe lazyload\" allowfullscreen allow=\"clipboard-write\" title=\"vimeo Video Player\" data-src=\"https:\/\/player.vimeo.com\/video\/864424176?color&amp;autopause=0&amp;loop=0&amp;muted=0&amp;title=0&amp;portrait=0&amp;byline=0#t=\" src=\"data:image\/svg+xml;base64,PHN2ZyB3aWR0aD0iMSIgaGVpZ2h0PSIxIiB4bWxucz0iaHR0cDovL3d3dy53My5vcmcvMjAwMC9zdmciPjwvc3ZnPg==\" data-load-mode=\"1\"><\/iframe>\t\t\t\t<div class=\"elementor-custom-embed-image-overlay lazyload\" style=\"background-image:inherit;\" data-bg-image=\"url(https:\/\/veamvisuals.com\/wp-content\/uploads\/2023\/08\/VIDEO-WEB-scaled.jpg)\">\n\t\t\t\t\t\t\t\t\t\t\t\t\t\t\t\t<div class=\"elementor-custom-embed-play\" role=\"button\" aria-label=\"Play Video\" tabindex=\"0\">\n\t\t\t\t\t\t\t<i aria-hidden=\"true\" class=\"eicon-play\"><\/i>\t\t\t\t\t\t<\/div>\n\t\t\t\t\t\t\t\t\t<\/div>\n\t\t\t\t\t<\/div>\n\t\t\t\t\t\t<\/div>\n\t\t\t\t<\/div>\n\t\t\t\t\t<\/div>\n\t\t<\/div>\n\t\t\t\t<div class=\"elementor-column elementor-col-50 elementor-top-column elementor-element elementor-element-72f90980\" data-id=\"72f90980\" data-element_type=\"column\">\n\t\t\t<div class=\"elementor-widget-wrap elementor-element-populated\">\n\t\t\t\t\t\t<div class=\"elementor-element elementor-element-2f4ec723 elementor-invisible elementor-widget elementor-widget-video\" data-id=\"2f4ec723\" data-element_type=\"widget\" data-settings=\"{&quot;video_type&quot;:&quot;vimeo&quot;,&quot;show_image_overlay&quot;:&quot;yes&quot;,&quot;image_overlay&quot;:{&quot;url&quot;:&quot;https:\\\/\\\/veamvisuals.com\\\/wp-content\\\/uploads\\\/2023\\\/08\\\/brot-def-musica-scaled.jpg&quot;,&quot;id&quot;:826,&quot;size&quot;:&quot;&quot;,&quot;alt&quot;:&quot;&quot;,&quot;source&quot;:&quot;library&quot;},&quot;_animation&quot;:&quot;fadeInRight&quot;,&quot;_animation_delay&quot;:150}\" data-widget_type=\"video.default\">\n\t\t\t\t<div class=\"elementor-widget-container\">\n\t\t\t\t\t\t\t<div class=\"elementor-wrapper elementor-open-inline\">\n\t\t\t<iframe class=\"elementor-video-iframe lazyload\" allowfullscreen allow=\"clipboard-write\" title=\"vimeo Video Player\" data-src=\"https:\/\/player.vimeo.com\/video\/864423969?color&amp;autopause=0&amp;loop=0&amp;muted=0&amp;title=0&amp;portrait=0&amp;byline=0#t=\" src=\"data:image\/svg+xml;base64,PHN2ZyB3aWR0aD0iMSIgaGVpZ2h0PSIxIiB4bWxucz0iaHR0cDovL3d3dy53My5vcmcvMjAwMC9zdmciPjwvc3ZnPg==\" data-load-mode=\"1\"><\/iframe>\t\t\t\t<div class=\"elementor-custom-embed-image-overlay lazyload\" style=\"background-image:inherit;\" data-bg-image=\"url(https:\/\/veamvisuals.com\/wp-content\/uploads\/2023\/08\/brot-def-musica-scaled.jpg)\">\n\t\t\t\t\t\t\t\t\t\t\t\t\t\t\t\t<div class=\"elementor-custom-embed-play\" role=\"button\" aria-label=\"Play Video\" tabindex=\"0\">\n\t\t\t\t\t\t\t<i aria-hidden=\"true\" class=\"eicon-play\"><\/i>\t\t\t\t\t\t<\/div>\n\t\t\t\t\t\t\t\t\t<\/div>\n\t\t\t\t\t<\/div>\n\t\t\t\t\t\t<\/div>\n\t\t\t\t<\/div>\n\t\t\t\t\t<\/div>\n\t\t<\/div>\n\t\t\t\t\t<\/div>\n\t\t<\/section>\n\t\t\t\t<section class=\"elementor-section elementor-top-section elementor-element elementor-element-9c33634 elementor-section-height-full elementor-section-boxed elementor-section-height-default elementor-section-items-middle\" data-id=\"9c33634\" data-element_type=\"section\">\n\t\t\t\t\t\t<div class=\"elementor-container elementor-column-gap-default\">\n\t\t\t\t\t<div class=\"elementor-column elementor-col-33 elementor-top-column elementor-element elementor-element-6da898e\" data-id=\"6da898e\" data-element_type=\"column\" data-settings=\"{&quot;background_background&quot;:&quot;classic&quot;}\">\n\t\t\t<div class=\"elementor-widget-wrap elementor-element-populated\">\n\t\t\t\t\t<div class=\"elementor-background-overlay\"><\/div>\n\t\t\t\t\t\t<div class=\"elementor-element elementor-element-e8400fa elementor-invisible elementor-widget elementor-widget-video\" data-id=\"e8400fa\" data-element_type=\"widget\" data-settings=\"{&quot;video_type&quot;:&quot;hosted&quot;,&quot;_animation&quot;:&quot;fadeInLeft&quot;,&quot;controls&quot;:&quot;yes&quot;}\" data-widget_type=\"video.default\">\n\t\t\t\t<div class=\"elementor-widget-container\">\n\t\t\t\t\t\t\t<div class=\"e-hosted-video elementor-wrapper elementor-open-inline\">\n\t\t\t\t\t<video class=\"elementor-video\" src=\"https:\/\/veamvisuals.com\/wp-content\/uploads\/2023\/09\/BROTT-5.mov\" controls=\"\" preload=\"metadata\" controlslist=\"nodownload\"><\/video>\n\t\t\t\t<\/div>\n\t\t\t\t\t\t<\/div>\n\t\t\t\t<\/div>\n\t\t\t\t\t<\/div>\n\t\t<\/div>\n\t\t\t\t<div class=\"elementor-column elementor-col-33 elementor-top-column elementor-element elementor-element-c385443\" data-id=\"c385443\" data-element_type=\"column\" data-settings=\"{&quot;background_background&quot;:&quot;classic&quot;}\">\n\t\t\t<div class=\"elementor-widget-wrap elementor-element-populated\">\n\t\t\t\t\t<div class=\"elementor-background-overlay\"><\/div>\n\t\t\t\t\t\t<div class=\"elementor-element elementor-element-9e17847 elementor-invisible elementor-widget elementor-widget-video\" data-id=\"9e17847\" data-element_type=\"widget\" data-settings=\"{&quot;video_type&quot;:&quot;hosted&quot;,&quot;_animation&quot;:&quot;fadeInUp&quot;,&quot;controls&quot;:&quot;yes&quot;}\" data-widget_type=\"video.default\">\n\t\t\t\t<div class=\"elementor-widget-container\">\n\t\t\t\t\t\t\t<div class=\"e-hosted-video elementor-wrapper elementor-open-inline\">\n\t\t\t\t\t<video class=\"elementor-video\" src=\"https:\/\/veamvisuals.com\/wp-content\/uploads\/2023\/09\/BROTT-4.mov\" controls=\"\" preload=\"metadata\" controlslist=\"nodownload\"><\/video>\n\t\t\t\t<\/div>\n\t\t\t\t\t\t<\/div>\n\t\t\t\t<\/div>\n\t\t\t\t\t<\/div>\n\t\t<\/div>\n\t\t\t\t<div class=\"elementor-column elementor-col-33 elementor-top-column elementor-element elementor-element-a0da125\" data-id=\"a0da125\" data-element_type=\"column\">\n\t\t\t<div class=\"elementor-widget-wrap elementor-element-populated\">\n\t\t\t\t\t\t<div class=\"elementor-element elementor-element-1b6c54f elementor-invisible elementor-widget elementor-widget-video\" data-id=\"1b6c54f\" data-element_type=\"widget\" data-settings=\"{&quot;video_type&quot;:&quot;hosted&quot;,&quot;_animation&quot;:&quot;fadeInRight&quot;,&quot;controls&quot;:&quot;yes&quot;}\" data-widget_type=\"video.default\">\n\t\t\t\t<div class=\"elementor-widget-container\">\n\t\t\t\t\t\t\t<div class=\"e-hosted-video elementor-wrapper elementor-open-inline\">\n\t\t\t\t\t<video class=\"elementor-video\" src=\"https:\/\/veamvisuals.com\/wp-content\/uploads\/2023\/09\/BROTT-3.mov\" controls=\"\" preload=\"metadata\" controlslist=\"nodownload\"><\/video>\n\t\t\t\t<\/div>\n\t\t\t\t\t\t<\/div>\n\t\t\t\t<\/div>\n\t\t\t\t\t<\/div>\n\t\t<\/div>\n\t\t\t\t\t<\/div>\n\t\t<\/section>\n\t\t\t\t<\/div>","protected":false},"excerpt":{"rendered":"<p>BROTT DOG\u200b BROTT DOG\u200b BROTT DOG Brott Dog es una marca made in Barcelona que dise\u00f1a y confecciona de forma artesanal collares frescos, desenfadados y de alta calidad para perros modernos y con estilo. Marc y Marta nos contactaron para que les realiz\u00e1ramos v\u00eddeos de la colecci\u00f3n Oto\u00f1o-Invierno 2022 y Primavera-Verano 2023 para sus RRSS [&hellip;]<\/p>","protected":false},"author":1,"featured_media":0,"parent":0,"menu_order":0,"comment_status":"closed","ping_status":"closed","template":"elementor_header_footer","meta":{"_joinchat":[],"footnotes":""},"class_list":["post-823","page","type-page","status-publish","hentry"],"yoast_head":"<!-- This site is optimized with the Yoast SEO plugin v25.6 - https:\/\/yoast.com\/wordpress\/plugins\/seo\/ -->\n<title>Brott Dog - Creaci\u00f3n de contenidos para marcas<\/title>\n<meta name=\"robots\" content=\"index, follow, max-snippet:-1, max-image-preview:large, max-video-preview:-1\" \/>\n<link rel=\"canonical\" href=\"https:\/\/veamvisuals.com\/en\/brott-dog\/\" \/>\n<meta property=\"og:locale\" content=\"en_GB\" \/>\n<meta property=\"og:type\" content=\"article\" \/>\n<meta property=\"og:title\" content=\"Brott Dog - Creaci\u00f3n de contenidos para marcas\" \/>\n<meta property=\"og:description\" content=\"BROTT DOG\u200b BROTT DOG\u200b BROTT DOG Brott Dog es una marca made in Barcelona que dise\u00f1a y confecciona de forma artesanal collares frescos, desenfadados y de alta calidad para perros modernos y con estilo. Marc y Marta nos contactaron para que les realiz\u00e1ramos v\u00eddeos de la colecci\u00f3n Oto\u00f1o-Invierno 2022 y Primavera-Verano 2023 para sus RRSS [&hellip;]\" \/>\n<meta property=\"og:url\" content=\"https:\/\/veamvisuals.com\/en\/brott-dog\/\" \/>\n<meta property=\"og:site_name\" content=\"Creaci\u00f3n de contenidos para marcas\" \/>\n<meta property=\"article:modified_time\" content=\"2023-09-28T09:16:13+00:00\" \/>\n<meta name=\"twitter:card\" content=\"summary_large_image\" \/>\n<meta name=\"twitter:label1\" content=\"Estimated reading time\" \/>\n\t<meta name=\"twitter:data1\" content=\"1 minute\" \/>\n<script type=\"application\/ld+json\" class=\"yoast-schema-graph\">{\"@context\":\"https:\/\/schema.org\",\"@graph\":[{\"@type\":\"WebPage\",\"@id\":\"https:\/\/veamvisuals.com\/brott-dog\/\",\"url\":\"https:\/\/veamvisuals.com\/brott-dog\/\",\"name\":\"Brott Dog - Creaci\u00f3n de contenidos para marcas\",\"isPartOf\":{\"@id\":\"https:\/\/veamvisuals.com\/#website\"},\"datePublished\":\"2023-08-29T11:50:17+00:00\",\"dateModified\":\"2023-09-28T09:16:13+00:00\",\"breadcrumb\":{\"@id\":\"https:\/\/veamvisuals.com\/brott-dog\/#breadcrumb\"},\"inLanguage\":\"en-GB\",\"potentialAction\":[{\"@type\":\"ReadAction\",\"target\":[\"https:\/\/veamvisuals.com\/brott-dog\/\"]}]},{\"@type\":\"BreadcrumbList\",\"@id\":\"https:\/\/veamvisuals.com\/brott-dog\/#breadcrumb\",\"itemListElement\":[{\"@type\":\"ListItem\",\"position\":1,\"name\":\"Portada\",\"item\":\"https:\/\/veamvisuals.com\/\"},{\"@type\":\"ListItem\",\"position\":2,\"name\":\"Brott Dog\"}]},{\"@type\":\"WebSite\",\"@id\":\"https:\/\/veamvisuals.com\/#website\",\"url\":\"https:\/\/veamvisuals.com\/\",\"name\":\"Creaci\u00f3n de contenidos para marcas\",\"description\":\"impulsando la visibilidad de las marcas\",\"publisher\":{\"@id\":\"https:\/\/veamvisuals.com\/#organization\"},\"potentialAction\":[{\"@type\":\"SearchAction\",\"target\":{\"@type\":\"EntryPoint\",\"urlTemplate\":\"https:\/\/veamvisuals.com\/?s={search_term_string}\"},\"query-input\":{\"@type\":\"PropertyValueSpecification\",\"valueRequired\":true,\"valueName\":\"search_term_string\"}}],\"inLanguage\":\"en-GB\"},{\"@type\":\"Organization\",\"@id\":\"https:\/\/veamvisuals.com\/#organization\",\"name\":\"Creaci\u00f3n de contenidos para marcas\",\"url\":\"https:\/\/veamvisuals.com\/\",\"logo\":{\"@type\":\"ImageObject\",\"inLanguage\":\"en-GB\",\"@id\":\"https:\/\/veamvisuals.com\/#\/schema\/logo\/image\/\",\"url\":\"https:\/\/veamvisuals.com\/wp-content\/uploads\/2021\/08\/OK_logo-secundario.png\",\"contentUrl\":\"https:\/\/veamvisuals.com\/wp-content\/uploads\/2021\/08\/OK_logo-secundario.png\",\"width\":800,\"height\":1040,\"caption\":\"Creaci\u00f3n de contenidos para marcas\"},\"image\":{\"@id\":\"https:\/\/veamvisuals.com\/#\/schema\/logo\/image\/\"}}]}<\/script>\n<!-- \/ Yoast SEO plugin. -->","yoast_head_json":{"title":"Brott Dog - Creaci\u00f3n de contenidos para marcas","robots":{"index":"index","follow":"follow","max-snippet":"max-snippet:-1","max-image-preview":"max-image-preview:large","max-video-preview":"max-video-preview:-1"},"canonical":"https:\/\/veamvisuals.com\/en\/brott-dog\/","og_locale":"en_GB","og_type":"article","og_title":"Brott Dog - Creaci\u00f3n de contenidos para marcas","og_description":"BROTT DOG\u200b BROTT DOG\u200b BROTT DOG Brott Dog es una marca made in Barcelona que dise\u00f1a y confecciona de forma artesanal collares frescos, desenfadados y de alta calidad para perros modernos y con estilo. Marc y Marta nos contactaron para que les realiz\u00e1ramos v\u00eddeos de la colecci\u00f3n Oto\u00f1o-Invierno 2022 y Primavera-Verano 2023 para sus RRSS [&hellip;]","og_url":"https:\/\/veamvisuals.com\/en\/brott-dog\/","og_site_name":"Creaci\u00f3n de contenidos para marcas","article_modified_time":"2023-09-28T09:16:13+00:00","twitter_card":"summary_large_image","twitter_misc":{"Estimated reading time":"1 minute"},"schema":{"@context":"https:\/\/schema.org","@graph":[{"@type":"WebPage","@id":"https:\/\/veamvisuals.com\/brott-dog\/","url":"https:\/\/veamvisuals.com\/brott-dog\/","name":"Brott Dog - Creaci\u00f3n de contenidos para marcas","isPartOf":{"@id":"https:\/\/veamvisuals.com\/#website"},"datePublished":"2023-08-29T11:50:17+00:00","dateModified":"2023-09-28T09:16:13+00:00","breadcrumb":{"@id":"https:\/\/veamvisuals.com\/brott-dog\/#breadcrumb"},"inLanguage":"en-GB","potentialAction":[{"@type":"ReadAction","target":["https:\/\/veamvisuals.com\/brott-dog\/"]}]},{"@type":"BreadcrumbList","@id":"https:\/\/veamvisuals.com\/brott-dog\/#breadcrumb","itemListElement":[{"@type":"ListItem","position":1,"name":"Portada","item":"https:\/\/veamvisuals.com\/"},{"@type":"ListItem","position":2,"name":"Brott Dog"}]},{"@type":"WebSite","@id":"https:\/\/veamvisuals.com\/#website","url":"https:\/\/veamvisuals.com\/","name":"Creaci\u00f3n de contenidos para marcas","description":"impulsando la visibilidad de las marcas","publisher":{"@id":"https:\/\/veamvisuals.com\/#organization"},"potentialAction":[{"@type":"SearchAction","target":{"@type":"EntryPoint","urlTemplate":"https:\/\/veamvisuals.com\/?s={search_term_string}"},"query-input":{"@type":"PropertyValueSpecification","valueRequired":true,"valueName":"search_term_string"}}],"inLanguage":"en-GB"},{"@type":"Organization","@id":"https:\/\/veamvisuals.com\/#organization","name":"Creaci\u00f3n de contenidos para marcas","url":"https:\/\/veamvisuals.com\/","logo":{"@type":"ImageObject","inLanguage":"en-GB","@id":"https:\/\/veamvisuals.com\/#\/schema\/logo\/image\/","url":"https:\/\/veamvisuals.com\/wp-content\/uploads\/2021\/08\/OK_logo-secundario.png","contentUrl":"https:\/\/veamvisuals.com\/wp-content\/uploads\/2021\/08\/OK_logo-secundario.png","width":800,"height":1040,"caption":"Creaci\u00f3n de contenidos para marcas"},"image":{"@id":"https:\/\/veamvisuals.com\/#\/schema\/logo\/image\/"}}]}},"_links":{"self":[{"href":"https:\/\/veamvisuals.com\/en\/wp-json\/wp\/v2\/pages\/823","targetHints":{"allow":["GET"]}}],"collection":[{"href":"https:\/\/veamvisuals.com\/en\/wp-json\/wp\/v2\/pages"}],"about":[{"href":"https:\/\/veamvisuals.com\/en\/wp-json\/wp\/v2\/types\/page"}],"author":[{"embeddable":true,"href":"https:\/\/veamvisuals.com\/en\/wp-json\/wp\/v2\/users\/1"}],"replies":[{"embeddable":true,"href":"https:\/\/veamvisuals.com\/en\/wp-json\/wp\/v2\/comments?post=823"}],"version-history":[{"count":49,"href":"https:\/\/veamvisuals.com\/en\/wp-json\/wp\/v2\/pages\/823\/revisions"}],"predecessor-version":[{"id":1679,"href":"https:\/\/veamvisuals.com\/en\/wp-json\/wp\/v2\/pages\/823\/revisions\/1679"}],"wp:attachment":[{"href":"https:\/\/veamvisuals.com\/en\/wp-json\/wp\/v2\/media?parent=823"}],"curies":[{"name":"wp","href":"https:\/\/api.w.org\/{rel}","templated":true}]}}