{"id":322,"date":"2023-08-01T07:40:02","date_gmt":"2023-08-01T08:40:02","guid":{"rendered":"https:\/\/veamvisuals.com\/?page_id=322"},"modified":"2025-05-03T09:42:46","modified_gmt":"2025-05-03T10:42:46","slug":"sobre-nosotros","status":"publish","type":"page","link":"https:\/\/veamvisuals.com\/en\/sobre-nosotros\/","title":{"rendered":"Sobre nosotros"},"content":{"rendered":"<div data-elementor-type=\"wp-page\" data-elementor-id=\"322\" class=\"elementor elementor-322\" data-elementor-post-type=\"page\">\n\t\t\t\t\t\t<section class=\"elementor-section elementor-top-section elementor-element elementor-element-fbe4c20 elementor-section-full_width elementor-section-height-default elementor-section-height-default\" data-id=\"fbe4c20\" data-element_type=\"section\">\n\t\t\t\t\t\t<div class=\"elementor-container elementor-column-gap-default\">\n\t\t\t\t\t<div class=\"elementor-column elementor-col-100 elementor-top-column elementor-element elementor-element-c67ff5b\" data-id=\"c67ff5b\" data-element_type=\"column\">\n\t\t\t<div class=\"elementor-widget-wrap elementor-element-populated\">\n\t\t\t\t\t\t<div class=\"elementor-element elementor-element-f121972 elementor-widget elementor-widget-qi_addons_for_elementor_text_marquee\" data-id=\"f121972\" data-element_type=\"widget\" data-widget_type=\"qi_addons_for_elementor_text_marquee.default\">\n\t\t\t\t<div class=\"elementor-widget-container\">\n\t\t\t\t\t<div class=\"qodef-shortcode qodef-m qodef-qi-text-marquee qodef-layout--default\">\n\t<div class=\"qodef-m-content\">\n\t\t<div class=\"qodef-m-text qodef-text--original\">\n\t\t\t\t\t\t\t<span class=\"qodef-m-text-item elementor-repeater-item-7070c3d\" >SOBRE NOSOTROS<\/span>\n\t\t\t\t\t\t\t\t\t<\/div>\n\t\t<div class=\"qodef-m-text qodef-text--copy\">\n\t\t\t\t\t\t\t<span class=\"qodef-m-text-item elementor-repeater-item-7070c3d\" >SOBRE NOSOTROS<\/span>\n\t\t\t\t\t\t\t\t\t<\/div>\n\t<\/div>\n<\/div>\n\t\t\t\t<\/div>\n\t\t\t\t<\/div>\n\t\t\t\t<section class=\"elementor-section elementor-inner-section elementor-element elementor-element-081e4f5 elementor-section-content-middle elementor-section-boxed elementor-section-height-default elementor-section-height-default\" data-id=\"081e4f5\" data-element_type=\"section\">\n\t\t\t\t\t\t<div class=\"elementor-container elementor-column-gap-default\">\n\t\t\t\t\t<div class=\"elementor-column elementor-col-50 elementor-inner-column elementor-element elementor-element-a79e702\" data-id=\"a79e702\" data-element_type=\"column\">\n\t\t\t<div class=\"elementor-widget-wrap elementor-element-populated\">\n\t\t\t\t\t\t<div class=\"elementor-element elementor-element-232a5ca5 elementor-widget elementor-widget-qi_addons_for_elementor_parallax_images\" data-id=\"232a5ca5\" data-element_type=\"widget\" data-widget_type=\"qi_addons_for_elementor_parallax_images.default\">\n\t\t\t\t<div class=\"elementor-widget-container\">\n\t\t\t\t\t<div class=\"qodef-shortcode qodef-m qodef-qi-parallax-images qodef-layout--default\">\n\t<div class=\"qodef-m-images\">\n\t\t<div class=\"qodef-e-main-image-holder\">\n\t\t\t<div class=\"qodef-e-main-image-zoom-holder\">\n\t\t\t\t\t\t\t\t\t<div class=\"qodef-e-main-image\" >\n\t\t\t\t\t\t<img fetchpriority=\"high\" decoding=\"async\" width=\"720\" height=\"1080\" src=\"https:\/\/veamvisuals.com\/wp-content\/uploads\/2025\/04\/Copia-de-_VEA7628-720x1080.jpg\" class=\"attachment-large size-large\" alt=\"\" srcset=\"https:\/\/veamvisuals.com\/wp-content\/uploads\/2025\/04\/Copia-de-_VEA7628-scaled.jpg 720w, https:\/\/veamvisuals.com\/wp-content\/uploads\/2025\/04\/Copia-de-_VEA7628-200x300.jpg 200w, https:\/\/veamvisuals.com\/wp-content\/uploads\/2025\/04\/Copia-de-_VEA7628-768x1152.jpg 768w, https:\/\/veamvisuals.com\/wp-content\/uploads\/2025\/04\/Copia-de-_VEA7628-1024x1536.jpg 1024w, https:\/\/veamvisuals.com\/wp-content\/uploads\/2025\/04\/Copia-de-_VEA7628-1365x2048.jpg 1365w, https:\/\/veamvisuals.com\/wp-content\/uploads\/2025\/04\/Copia-de-_VEA7628-8x12.jpg 8w\" sizes=\"(max-width: 720px) 100vw, 720px\" \/>\t\t\t\t\t<\/div>\n\t\t\t\t\t\t\t<\/div>\n\t\t<\/div>\n\t\t\t\t\t\t\t\t\t\t\t\t\t<div class=\"qodef-e-parallax-image qodef-position--bottom-left elementor-repeater-item-11ad2ba\" >\n\t\t\t\t\t\t\t\t\t<\/div>\n\t\t\t\t\t\t<\/div>\n<\/div>\n\t\t\t\t<\/div>\n\t\t\t\t<\/div>\n\t\t\t\t\t<\/div>\n\t\t<\/div>\n\t\t\t\t<div class=\"elementor-column elementor-col-50 elementor-inner-column elementor-element elementor-element-6c53d13\" data-id=\"6c53d13\" data-element_type=\"column\">\n\t\t\t<div class=\"elementor-widget-wrap elementor-element-populated\">\n\t\t\t\t\t\t<div class=\"elementor-element elementor-element-47596e74 elementor-widget elementor-widget-text-editor\" data-id=\"47596e74\" data-element_type=\"widget\" data-widget_type=\"text-editor.default\">\n\t\t\t\t<div class=\"elementor-widget-container\">\n\t\t\t\t\t\t\t\t\t<p><b>VEAM VISUALS<\/b><\/p>\t\t\t\t\t\t\t\t<\/div>\n\t\t\t\t<\/div>\n\t\t\t\t<div class=\"elementor-element elementor-element-b127f20 elementor-headline--style-highlight elementor-widget elementor-widget-animated-headline\" data-id=\"b127f20\" data-element_type=\"widget\" data-settings=\"{&quot;marker&quot;:&quot;curly&quot;,&quot;highlighted_text&quot;:&quot;ser memorables&quot;,&quot;headline_style&quot;:&quot;highlight&quot;,&quot;loop&quot;:&quot;yes&quot;,&quot;highlight_animation_duration&quot;:1200,&quot;highlight_iteration_delay&quot;:8000}\" data-widget_type=\"animated-headline.default\">\n\t\t\t\t<div class=\"elementor-widget-container\">\n\t\t\t\t\t\t\t<h3 class=\"elementor-headline\">\n\t\t\t\t\t<span class=\"elementor-headline-plain-text elementor-headline-text-wrapper\">Ayudamos a marcas <br>como la tuya a <br><\/span>\n\t\t\t\t<span class=\"elementor-headline-dynamic-wrapper elementor-headline-text-wrapper\">\n\t\t\t\t\t<span class=\"elementor-headline-dynamic-text elementor-headline-text-active\">ser memorables<\/span>\n\t\t\t\t<\/span>\n\t\t\t\t<\/h3>\n\t\t\t\t\t\t<\/div>\n\t\t\t\t<\/div>\n\t\t\t\t<div class=\"elementor-element elementor-element-3c09ce8f elementor-widget__width-initial elementor-widget elementor-widget-text-editor\" data-id=\"3c09ce8f\" data-element_type=\"widget\" data-widget_type=\"text-editor.default\">\n\t\t\t\t<div class=\"elementor-widget-container\">\n\t\t\t\t\t\t\t\t\t<p>Somos Anna y V\u00edctor\u00a0<span style=\"background-color: var( --e-global-color-baa3ea5 ); color: var( --e-global-color-primary );\">fundadores de <\/span><strong style=\"background-color: var( --e-global-color-baa3ea5 ); color: var( --e-global-color-primary );\">VEAM VISUALS<\/strong><span style=\"background-color: var( --e-global-color-baa3ea5 ); color: var( --e-global-color-primary );\">, una productora audiovisual con base en Barcelona, especializada en contenido lifestyle para marcas que quieren conectar de verdad con su audiencia.<\/span><\/p><p>Nuestra historia empieza en 2018, cuando decidimos dejar atr\u00e1s nuestros trabajos y embarcarnos en un viaje en 4&#215;4 por \u00c1frica. Fueron dos a\u00f1os en los que aprendimos algo esencial: <strong>cada lugar, cada persona y cada marca tiene una historia \u00fanica que merece ser contada con respeto y autenticidad.<\/strong> Ese aprendizaje marc\u00f3 el nacimiento de VEAM VISUALS.<\/p><p>Creemos que en un mundo donde el ruido abunda, las historias aut\u00e9nticas son las que realmente tienen impacto. Queremos ser esa voz que transforma un producto en una experiencia y que ayuda a las marcas a <strong>ser recordadas, no solo vistas.<\/strong><\/p><p>Para nosotros, no se trata de simplemente \u00abcrear contenido\u00bb. Se trata de <strong>dar vida a lo que ya est\u00e1 ah\u00ed, pero que necesita ser contado de la forma correcta<\/strong>. Y esa, es nuestra especialidad.<\/p>\t\t\t\t\t\t\t\t<\/div>\n\t\t\t\t<\/div>\n\t\t\t\t\t<\/div>\n\t\t<\/div>\n\t\t\t\t\t<\/div>\n\t\t<\/section>\n\t\t\t\t\t<\/div>\n\t\t<\/div>\n\t\t\t\t\t<\/div>\n\t\t<\/section>\n\t\t\t\t<section class=\"elementor-section elementor-top-section elementor-element elementor-element-36ed55e elementor-section-boxed elementor-section-height-default elementor-section-height-default\" data-id=\"36ed55e\" data-element_type=\"section\">\n\t\t\t\t\t\t<div class=\"elementor-container elementor-column-gap-default\">\n\t\t\t\t\t<div class=\"elementor-column elementor-col-100 elementor-top-column elementor-element elementor-element-7592af9\" data-id=\"7592af9\" data-element_type=\"column\">\n\t\t\t<div class=\"elementor-widget-wrap elementor-element-populated\">\n\t\t\t\t\t\t<div class=\"elementor-element elementor-element-6107be0 elementor-widget elementor-widget-heading\" data-id=\"6107be0\" data-element_type=\"widget\" data-widget_type=\"heading.default\">\n\t\t\t\t<div class=\"elementor-widget-container\">\n\t\t\t\t\t<h2 class=\"elementor-heading-title elementor-size-xxl\">Juntos desafiaremos lo convencional para lograr m\u00e1s<\/h2>\t\t\t\t<\/div>\n\t\t\t\t<\/div>\n\t\t\t\t<div class=\"elementor-element elementor-element-c83c6fb elementor-widget elementor-widget-qi_addons_for_elementor_premium_circled_slider\" data-id=\"c83c6fb\" data-element_type=\"widget\" data-widget_type=\"qi_addons_for_elementor_premium_circled_slider.default\">\n\t\t\t\t<div class=\"elementor-widget-container\">\n\t\t\t\t\t<div class=\"qodef-shortcode qodef-m qodef-qi-circled-slider swiper-container-horizontal\">\n\t<div class=\"qodef-m-items\">\n\t\t<div class=\"qodef-m-swiper\">\n\t\t\t<div class=\"swiper-wrapper\">\n\t\t\t\t<div class=\"qodef-m-item swiper-slide elementor-repeater-item-46b78ea\">\n\t<div class=\"qodef-m-slide-content\">\n\t\t<img decoding=\"async\" width=\"720\" height=\"1080\" data-src=\"https:\/\/veamvisuals.com\/wp-content\/uploads\/2025\/05\/VEA7477-scaled.jpg\" class=\"attachment-full size-full lazyload\" alt=\"\" data-srcset=\"https:\/\/veamvisuals.com\/wp-content\/uploads\/2025\/05\/VEA7477-scaled.jpg 720w, https:\/\/veamvisuals.com\/wp-content\/uploads\/2025\/05\/VEA7477-200x300.jpg 200w, https:\/\/veamvisuals.com\/wp-content\/uploads\/2025\/05\/VEA7477-768x1152.jpg 768w, https:\/\/veamvisuals.com\/wp-content\/uploads\/2025\/05\/VEA7477-1024x1536.jpg 1024w, https:\/\/veamvisuals.com\/wp-content\/uploads\/2025\/05\/VEA7477-1365x2048.jpg 1365w, https:\/\/veamvisuals.com\/wp-content\/uploads\/2025\/05\/VEA7477-8x12.jpg 8w\" data-sizes=\"(max-width: 720px) 100vw, 720px\" src=\"data:image\/svg+xml;base64,PHN2ZyB3aWR0aD0iMSIgaGVpZ2h0PSIxIiB4bWxucz0iaHR0cDovL3d3dy53My5vcmcvMjAwMC9zdmciPjwvc3ZnPg==\" style=\"--smush-placeholder-width: 720px; --smush-placeholder-aspect-ratio: 720\/1080;\" \/>\t\t<div class=\"qodef-m-content\">\n\t\t\t\t\t<h2 class=\"qodef-e-title\">\n\t\tANNA\t<\/h2>\n\t\t\t\t<a class=\"qodef-shortcode qodef-m qodef-qi-button qodef-html--link qodef-layout--textual qodef-type--standard qodef-icon--right qodef-hover--icon-move-horizontal-short\" href=\"\" target=\"_self\">\t<span class=\"qodef-m-text\">Siempre ha tenido especial atracci\u00f3n por la belleza. Estudi\u00f3 moda y estilismo en la escuela superior Felicidad Duce de Barcelona y, a ra\u00edz de viajar por el mundo, descubri\u00f3 su pasi\u00f3n por la fotograf\u00eda. Es detallista, le chifla construir sets bonitos y crear estilismos y ambientes que ayuden a transmitir la esencia del que est\u00e1 delante de su c\u00e1mara.<\/span>\t<\/a>\t\t<\/div>\n\t<\/div>\n<\/div>\n<div class=\"qodef-m-item swiper-slide elementor-repeater-item-a148779\">\n\t<div class=\"qodef-m-slide-content\">\n\t\t<img decoding=\"async\" width=\"720\" height=\"1080\" data-src=\"https:\/\/veamvisuals.com\/wp-content\/uploads\/2025\/05\/VEA7374-scaled.jpg\" class=\"attachment-full size-full lazyload\" alt=\"\" data-srcset=\"https:\/\/veamvisuals.com\/wp-content\/uploads\/2025\/05\/VEA7374-scaled.jpg 720w, https:\/\/veamvisuals.com\/wp-content\/uploads\/2025\/05\/VEA7374-200x300.jpg 200w, https:\/\/veamvisuals.com\/wp-content\/uploads\/2025\/05\/VEA7374-768x1152.jpg 768w, https:\/\/veamvisuals.com\/wp-content\/uploads\/2025\/05\/VEA7374-1024x1536.jpg 1024w, https:\/\/veamvisuals.com\/wp-content\/uploads\/2025\/05\/VEA7374-1365x2048.jpg 1365w, https:\/\/veamvisuals.com\/wp-content\/uploads\/2025\/05\/VEA7374-8x12.jpg 8w\" data-sizes=\"(max-width: 720px) 100vw, 720px\" src=\"data:image\/svg+xml;base64,PHN2ZyB3aWR0aD0iMSIgaGVpZ2h0PSIxIiB4bWxucz0iaHR0cDovL3d3dy53My5vcmcvMjAwMC9zdmciPjwvc3ZnPg==\" style=\"--smush-placeholder-width: 720px; --smush-placeholder-aspect-ratio: 720\/1080;\" \/>\t\t<div class=\"qodef-m-content\">\n\t\t\t\t\t<h2 class=\"qodef-e-title\">\n\t\tV\u00cdCTOR\t<\/h2>\n\t\t\t\t<a class=\"qodef-shortcode qodef-m qodef-qi-button qodef-html--link qodef-layout--textual qodef-type--standard qodef-icon--right qodef-hover--icon-move-horizontal-short\" href=\"\" target=\"_self\">\t<span class=\"qodef-m-text\">Lleva desde los 8 a\u00f1os con una c\u00e1mara en la mano. Estudi\u00f3 fotograf\u00eda en el Institut d&#039;Estudis Fotogr\u00e0fics de Barcelona y, m\u00e1s adelante, se form\u00f3 y especializ\u00f3 en grabaci\u00f3n y edici\u00f3n de v\u00eddeo. Es 100% visual aunque tambi\u00e9n le gusta poner m\u00fasica a todo volumen para inspirarse. Crea v\u00eddeos bonitos, que transmiten. Tiene ese don. <\/span>\t<\/a>\t\t<\/div>\n\t<\/div>\n<\/div>\n\t\t\t<\/div><!-- .swiper-wrapper -->\n\t\t<\/div><!-- .qodef-m-swiper -->\n\t<\/div><!-- .qodef-m-items -->\n\t<div class=\"swiper-pagination\"><\/div>\n<\/div>\n\t\t\t\t<\/div>\n\t\t\t\t<\/div>\n\t\t\t\t\t<\/div>\n\t\t<\/div>\n\t\t\t\t\t<\/div>\n\t\t<\/section>\n\t\t\t\t<\/div>","protected":false},"excerpt":{"rendered":"<p>SOBRE NOSOTROS SOBRE NOSOTROS VEAM VISUALS Ayudamos a marcas como la tuya a ser memorables Somos Anna y V\u00edctor\u00a0fundadores de VEAM VISUALS, una productora audiovisual con base en Barcelona, especializada en contenido lifestyle para marcas que quieren conectar de verdad con su audiencia. Nuestra historia empieza en 2018, cuando decidimos dejar atr\u00e1s nuestros trabajos y [&hellip;]<\/p>","protected":false},"author":1,"featured_media":0,"parent":0,"menu_order":0,"comment_status":"closed","ping_status":"closed","template":"elementor_header_footer","meta":{"_joinchat":[],"footnotes":""},"class_list":["post-322","page","type-page","status-publish","hentry"],"yoast_head":"<!-- This site is optimized with the Yoast SEO plugin v25.6 - https:\/\/yoast.com\/wordpress\/plugins\/seo\/ -->\n<title>Sobre nosotros - Creaci\u00f3n de contenidos para marcas<\/title>\n<meta name=\"robots\" content=\"index, follow, max-snippet:-1, max-image-preview:large, max-video-preview:-1\" \/>\n<link rel=\"canonical\" href=\"https:\/\/veamvisuals.com\/en\/sobre-nosotros\/\" \/>\n<meta property=\"og:locale\" content=\"en_GB\" \/>\n<meta property=\"og:type\" content=\"article\" \/>\n<meta property=\"og:title\" content=\"Sobre nosotros - Creaci\u00f3n de contenidos para marcas\" \/>\n<meta property=\"og:description\" content=\"SOBRE NOSOTROS SOBRE NOSOTROS VEAM VISUALS Ayudamos a marcas como la tuya a ser memorables Somos Anna y V\u00edctor\u00a0fundadores de VEAM VISUALS, una productora audiovisual con base en Barcelona, especializada en contenido lifestyle para marcas que quieren conectar de verdad con su audiencia. Nuestra historia empieza en 2018, cuando decidimos dejar atr\u00e1s nuestros trabajos y [&hellip;]\" \/>\n<meta property=\"og:url\" content=\"https:\/\/veamvisuals.com\/en\/sobre-nosotros\/\" \/>\n<meta property=\"og:site_name\" content=\"Creaci\u00f3n de contenidos para marcas\" \/>\n<meta property=\"article:modified_time\" content=\"2025-05-03T10:42:46+00:00\" \/>\n<meta property=\"og:image\" content=\"https:\/\/veamvisuals.com\/wp-content\/uploads\/2025\/04\/Copia-de-_VEA7628-720x1080.jpg\" \/>\n<meta name=\"twitter:card\" content=\"summary_large_image\" \/>\n<meta name=\"twitter:label1\" content=\"Estimated reading time\" \/>\n\t<meta name=\"twitter:data1\" content=\"4 minutes\" \/>\n<script type=\"application\/ld+json\" class=\"yoast-schema-graph\">{\"@context\":\"https:\/\/schema.org\",\"@graph\":[{\"@type\":\"WebPage\",\"@id\":\"https:\/\/veamvisuals.com\/sobre-nosotros\/\",\"url\":\"https:\/\/veamvisuals.com\/sobre-nosotros\/\",\"name\":\"Sobre nosotros - Creaci\u00f3n de contenidos para marcas\",\"isPartOf\":{\"@id\":\"https:\/\/veamvisuals.com\/#website\"},\"primaryImageOfPage\":{\"@id\":\"https:\/\/veamvisuals.com\/sobre-nosotros\/#primaryimage\"},\"image\":{\"@id\":\"https:\/\/veamvisuals.com\/sobre-nosotros\/#primaryimage\"},\"thumbnailUrl\":\"https:\/\/veamvisuals.com\/wp-content\/uploads\/2025\/04\/Copia-de-_VEA7628-720x1080.jpg\",\"datePublished\":\"2023-08-01T08:40:02+00:00\",\"dateModified\":\"2025-05-03T10:42:46+00:00\",\"breadcrumb\":{\"@id\":\"https:\/\/veamvisuals.com\/sobre-nosotros\/#breadcrumb\"},\"inLanguage\":\"en-GB\",\"potentialAction\":[{\"@type\":\"ReadAction\",\"target\":[\"https:\/\/veamvisuals.com\/sobre-nosotros\/\"]}]},{\"@type\":\"ImageObject\",\"inLanguage\":\"en-GB\",\"@id\":\"https:\/\/veamvisuals.com\/sobre-nosotros\/#primaryimage\",\"url\":\"https:\/\/veamvisuals.com\/wp-content\/uploads\/2025\/04\/Copia-de-_VEA7628-720x1080.jpg\",\"contentUrl\":\"https:\/\/veamvisuals.com\/wp-content\/uploads\/2025\/04\/Copia-de-_VEA7628-720x1080.jpg\"},{\"@type\":\"BreadcrumbList\",\"@id\":\"https:\/\/veamvisuals.com\/sobre-nosotros\/#breadcrumb\",\"itemListElement\":[{\"@type\":\"ListItem\",\"position\":1,\"name\":\"Portada\",\"item\":\"https:\/\/veamvisuals.com\/\"},{\"@type\":\"ListItem\",\"position\":2,\"name\":\"Sobre nosotros\"}]},{\"@type\":\"WebSite\",\"@id\":\"https:\/\/veamvisuals.com\/#website\",\"url\":\"https:\/\/veamvisuals.com\/\",\"name\":\"Creaci\u00f3n de contenidos para marcas\",\"description\":\"impulsando la visibilidad de las marcas\",\"publisher\":{\"@id\":\"https:\/\/veamvisuals.com\/#organization\"},\"potentialAction\":[{\"@type\":\"SearchAction\",\"target\":{\"@type\":\"EntryPoint\",\"urlTemplate\":\"https:\/\/veamvisuals.com\/?s={search_term_string}\"},\"query-input\":{\"@type\":\"PropertyValueSpecification\",\"valueRequired\":true,\"valueName\":\"search_term_string\"}}],\"inLanguage\":\"en-GB\"},{\"@type\":\"Organization\",\"@id\":\"https:\/\/veamvisuals.com\/#organization\",\"name\":\"Creaci\u00f3n de contenidos para marcas\",\"url\":\"https:\/\/veamvisuals.com\/\",\"logo\":{\"@type\":\"ImageObject\",\"inLanguage\":\"en-GB\",\"@id\":\"https:\/\/veamvisuals.com\/#\/schema\/logo\/image\/\",\"url\":\"https:\/\/veamvisuals.com\/wp-content\/uploads\/2021\/08\/OK_logo-secundario.png\",\"contentUrl\":\"https:\/\/veamvisuals.com\/wp-content\/uploads\/2021\/08\/OK_logo-secundario.png\",\"width\":800,\"height\":1040,\"caption\":\"Creaci\u00f3n de contenidos para marcas\"},\"image\":{\"@id\":\"https:\/\/veamvisuals.com\/#\/schema\/logo\/image\/\"}}]}<\/script>\n<!-- \/ Yoast SEO plugin. -->","yoast_head_json":{"title":"Sobre nosotros - Creaci\u00f3n de contenidos para marcas","robots":{"index":"index","follow":"follow","max-snippet":"max-snippet:-1","max-image-preview":"max-image-preview:large","max-video-preview":"max-video-preview:-1"},"canonical":"https:\/\/veamvisuals.com\/en\/sobre-nosotros\/","og_locale":"en_GB","og_type":"article","og_title":"Sobre nosotros - Creaci\u00f3n de contenidos para marcas","og_description":"SOBRE NOSOTROS SOBRE NOSOTROS VEAM VISUALS Ayudamos a marcas como la tuya a ser memorables Somos Anna y V\u00edctor\u00a0fundadores de VEAM VISUALS, una productora audiovisual con base en Barcelona, especializada en contenido lifestyle para marcas que quieren conectar de verdad con su audiencia. Nuestra historia empieza en 2018, cuando decidimos dejar atr\u00e1s nuestros trabajos y [&hellip;]","og_url":"https:\/\/veamvisuals.com\/en\/sobre-nosotros\/","og_site_name":"Creaci\u00f3n de contenidos para marcas","article_modified_time":"2025-05-03T10:42:46+00:00","og_image":[{"url":"https:\/\/veamvisuals.com\/wp-content\/uploads\/2025\/04\/Copia-de-_VEA7628-720x1080.jpg","type":"","width":"","height":""}],"twitter_card":"summary_large_image","twitter_misc":{"Estimated reading time":"4 minutes"},"schema":{"@context":"https:\/\/schema.org","@graph":[{"@type":"WebPage","@id":"https:\/\/veamvisuals.com\/sobre-nosotros\/","url":"https:\/\/veamvisuals.com\/sobre-nosotros\/","name":"Sobre nosotros - Creaci\u00f3n de contenidos para marcas","isPartOf":{"@id":"https:\/\/veamvisuals.com\/#website"},"primaryImageOfPage":{"@id":"https:\/\/veamvisuals.com\/sobre-nosotros\/#primaryimage"},"image":{"@id":"https:\/\/veamvisuals.com\/sobre-nosotros\/#primaryimage"},"thumbnailUrl":"https:\/\/veamvisuals.com\/wp-content\/uploads\/2025\/04\/Copia-de-_VEA7628-720x1080.jpg","datePublished":"2023-08-01T08:40:02+00:00","dateModified":"2025-05-03T10:42:46+00:00","breadcrumb":{"@id":"https:\/\/veamvisuals.com\/sobre-nosotros\/#breadcrumb"},"inLanguage":"en-GB","potentialAction":[{"@type":"ReadAction","target":["https:\/\/veamvisuals.com\/sobre-nosotros\/"]}]},{"@type":"ImageObject","inLanguage":"en-GB","@id":"https:\/\/veamvisuals.com\/sobre-nosotros\/#primaryimage","url":"https:\/\/veamvisuals.com\/wp-content\/uploads\/2025\/04\/Copia-de-_VEA7628-720x1080.jpg","contentUrl":"https:\/\/veamvisuals.com\/wp-content\/uploads\/2025\/04\/Copia-de-_VEA7628-720x1080.jpg"},{"@type":"BreadcrumbList","@id":"https:\/\/veamvisuals.com\/sobre-nosotros\/#breadcrumb","itemListElement":[{"@type":"ListItem","position":1,"name":"Portada","item":"https:\/\/veamvisuals.com\/"},{"@type":"ListItem","position":2,"name":"Sobre nosotros"}]},{"@type":"WebSite","@id":"https:\/\/veamvisuals.com\/#website","url":"https:\/\/veamvisuals.com\/","name":"Creaci\u00f3n de contenidos para marcas","description":"impulsando la visibilidad de las marcas","publisher":{"@id":"https:\/\/veamvisuals.com\/#organization"},"potentialAction":[{"@type":"SearchAction","target":{"@type":"EntryPoint","urlTemplate":"https:\/\/veamvisuals.com\/?s={search_term_string}"},"query-input":{"@type":"PropertyValueSpecification","valueRequired":true,"valueName":"search_term_string"}}],"inLanguage":"en-GB"},{"@type":"Organization","@id":"https:\/\/veamvisuals.com\/#organization","name":"Creaci\u00f3n de contenidos para marcas","url":"https:\/\/veamvisuals.com\/","logo":{"@type":"ImageObject","inLanguage":"en-GB","@id":"https:\/\/veamvisuals.com\/#\/schema\/logo\/image\/","url":"https:\/\/veamvisuals.com\/wp-content\/uploads\/2021\/08\/OK_logo-secundario.png","contentUrl":"https:\/\/veamvisuals.com\/wp-content\/uploads\/2021\/08\/OK_logo-secundario.png","width":800,"height":1040,"caption":"Creaci\u00f3n de contenidos para marcas"},"image":{"@id":"https:\/\/veamvisuals.com\/#\/schema\/logo\/image\/"}}]}},"_links":{"self":[{"href":"https:\/\/veamvisuals.com\/en\/wp-json\/wp\/v2\/pages\/322","targetHints":{"allow":["GET"]}}],"collection":[{"href":"https:\/\/veamvisuals.com\/en\/wp-json\/wp\/v2\/pages"}],"about":[{"href":"https:\/\/veamvisuals.com\/en\/wp-json\/wp\/v2\/types\/page"}],"author":[{"embeddable":true,"href":"https:\/\/veamvisuals.com\/en\/wp-json\/wp\/v2\/users\/1"}],"replies":[{"embeddable":true,"href":"https:\/\/veamvisuals.com\/en\/wp-json\/wp\/v2\/comments?post=322"}],"version-history":[{"count":97,"href":"https:\/\/veamvisuals.com\/en\/wp-json\/wp\/v2\/pages\/322\/revisions"}],"predecessor-version":[{"id":3633,"href":"https:\/\/veamvisuals.com\/en\/wp-json\/wp\/v2\/pages\/322\/revisions\/3633"}],"wp:attachment":[{"href":"https:\/\/veamvisuals.com\/en\/wp-json\/wp\/v2\/media?parent=322"}],"curies":[{"name":"wp","href":"https:\/\/api.w.org\/{rel}","templated":true}]}}