{"id":3,"date":"2021-08-02T15:13:26","date_gmt":"2021-08-02T15:13:26","guid":{"rendered":"http:\/\/veamvisuals.com\/?page_id=3"},"modified":"2023-08-30T06:33:49","modified_gmt":"2023-08-30T07:33:49","slug":"politica-privacidad","status":"publish","type":"page","link":"https:\/\/veamvisuals.com\/en\/politica-privacidad\/","title":{"rendered":"Pol\u00edtica de privacidad"},"content":{"rendered":"<p>A los efectos previstos en la ley org\u00e1nica 15\/1999 , de 13 de diciembre , sobre protecci\u00f3n de datos de car\u00e1cter personal , se le informa que los datos personales proporcionados se incorporan a los ficheros de www.veamsvisuals.com . La finalidad del tratamiento de dichos datos ser\u00e1 la de la gesti\u00f3n de estos para que el cliente\/usuario le permita acceder al formulario de contacto de la p\u00e1gina web de la entidad.<\/p>\n\n\n\n<p>Los datos personales solicitados por www.veamsvisuals.com en este documento son de car\u00e1cter obligatorio, por lo que no cumplir con lo dicho supone la imposibilidad de su inclusi\u00f3n en los ficheros antes descritos y de cumplir con la finalidad definida en el anterior p\u00e1rrafo.<\/p>\n\n\n\n<p>El cliente\/usuario tiene derecho al acceso, rectificaci\u00f3n, cancelaci\u00f3n y oposici\u00f3n en los t\u00e9rminos previstos por la ley , que podr\u00e1 ejercitar mediante escrito dirigido al responsable de los mismos en esta direcci\u00f3n www.veamsvisuals.com<\/p>","protected":false},"excerpt":{"rendered":"<p>A los efectos previstos en la ley org\u00e1nica 15\/1999 , de 13 de diciembre , sobre protecci\u00f3n de datos de car\u00e1cter personal , se le informa que los datos personales proporcionados se incorporan a los ficheros de www.veamsvisuals.com . La finalidad del tratamiento de dichos datos ser\u00e1 la de la gesti\u00f3n de estos para que [&hellip;]<\/p>","protected":false},"author":1,"featured_media":0,"parent":0,"menu_order":0,"comment_status":"closed","ping_status":"open","template":"","meta":{"_joinchat":[],"footnotes":""},"class_list":["post-3","page","type-page","status-publish","hentry"],"yoast_head":"<!-- This site is optimized with the Yoast SEO plugin v25.6 - https:\/\/yoast.com\/wordpress\/plugins\/seo\/ -->\n<title>Pol\u00edtica de privacidad - Creaci\u00f3n de contenidos para marcas<\/title>\n<meta name=\"robots\" content=\"index, follow, max-snippet:-1, max-image-preview:large, max-video-preview:-1\" \/>\n<link rel=\"canonical\" href=\"https:\/\/veamvisuals.com\/en\/politica-privacidad\/\" \/>\n<meta property=\"og:locale\" content=\"en_GB\" \/>\n<meta property=\"og:type\" content=\"article\" \/>\n<meta property=\"og:title\" content=\"Pol\u00edtica de privacidad - Creaci\u00f3n de contenidos para marcas\" \/>\n<meta property=\"og:description\" content=\"A los efectos previstos en la ley org\u00e1nica 15\/1999 , de 13 de diciembre , sobre protecci\u00f3n de datos de car\u00e1cter personal , se le informa que los datos personales proporcionados se incorporan a los ficheros de www.veamsvisuals.com . La finalidad del tratamiento de dichos datos ser\u00e1 la de la gesti\u00f3n de estos para que [&hellip;]\" \/>\n<meta property=\"og:url\" content=\"https:\/\/veamvisuals.com\/en\/politica-privacidad\/\" \/>\n<meta property=\"og:site_name\" content=\"Creaci\u00f3n de contenidos para marcas\" \/>\n<meta property=\"article:modified_time\" content=\"2023-08-30T07:33:49+00:00\" \/>\n<meta name=\"twitter:card\" content=\"summary_large_image\" \/>\n<meta name=\"twitter:label1\" content=\"Estimated reading time\" \/>\n\t<meta name=\"twitter:data1\" content=\"1 minute\" \/>\n<script type=\"application\/ld+json\" class=\"yoast-schema-graph\">{\"@context\":\"https:\/\/schema.org\",\"@graph\":[{\"@type\":\"WebPage\",\"@id\":\"https:\/\/veamvisuals.com\/politica-privacidad\/\",\"url\":\"https:\/\/veamvisuals.com\/politica-privacidad\/\",\"name\":\"Pol\u00edtica de privacidad - Creaci\u00f3n de contenidos para marcas\",\"isPartOf\":{\"@id\":\"https:\/\/veamvisuals.com\/#website\"},\"datePublished\":\"2021-08-02T15:13:26+00:00\",\"dateModified\":\"2023-08-30T07:33:49+00:00\",\"breadcrumb\":{\"@id\":\"https:\/\/veamvisuals.com\/politica-privacidad\/#breadcrumb\"},\"inLanguage\":\"en-GB\",\"potentialAction\":[{\"@type\":\"ReadAction\",\"target\":[\"https:\/\/veamvisuals.com\/politica-privacidad\/\"]}]},{\"@type\":\"BreadcrumbList\",\"@id\":\"https:\/\/veamvisuals.com\/politica-privacidad\/#breadcrumb\",\"itemListElement\":[{\"@type\":\"ListItem\",\"position\":1,\"name\":\"Portada\",\"item\":\"https:\/\/veamvisuals.com\/\"},{\"@type\":\"ListItem\",\"position\":2,\"name\":\"Pol\u00edtica de privacidad\"}]},{\"@type\":\"WebSite\",\"@id\":\"https:\/\/veamvisuals.com\/#website\",\"url\":\"https:\/\/veamvisuals.com\/\",\"name\":\"Creaci\u00f3n de contenidos para marcas\",\"description\":\"impulsando la visibilidad de las marcas\",\"publisher\":{\"@id\":\"https:\/\/veamvisuals.com\/#organization\"},\"potentialAction\":[{\"@type\":\"SearchAction\",\"target\":{\"@type\":\"EntryPoint\",\"urlTemplate\":\"https:\/\/veamvisuals.com\/?s={search_term_string}\"},\"query-input\":{\"@type\":\"PropertyValueSpecification\",\"valueRequired\":true,\"valueName\":\"search_term_string\"}}],\"inLanguage\":\"en-GB\"},{\"@type\":\"Organization\",\"@id\":\"https:\/\/veamvisuals.com\/#organization\",\"name\":\"Creaci\u00f3n de contenidos para marcas\",\"url\":\"https:\/\/veamvisuals.com\/\",\"logo\":{\"@type\":\"ImageObject\",\"inLanguage\":\"en-GB\",\"@id\":\"https:\/\/veamvisuals.com\/#\/schema\/logo\/image\/\",\"url\":\"https:\/\/veamvisuals.com\/wp-content\/uploads\/2021\/08\/OK_logo-secundario.png\",\"contentUrl\":\"https:\/\/veamvisuals.com\/wp-content\/uploads\/2021\/08\/OK_logo-secundario.png\",\"width\":800,\"height\":1040,\"caption\":\"Creaci\u00f3n de contenidos para marcas\"},\"image\":{\"@id\":\"https:\/\/veamvisuals.com\/#\/schema\/logo\/image\/\"}}]}<\/script>\n<!-- \/ Yoast SEO plugin. -->","yoast_head_json":{"title":"Pol\u00edtica de privacidad - Creaci\u00f3n de contenidos para marcas","robots":{"index":"index","follow":"follow","max-snippet":"max-snippet:-1","max-image-preview":"max-image-preview:large","max-video-preview":"max-video-preview:-1"},"canonical":"https:\/\/veamvisuals.com\/en\/politica-privacidad\/","og_locale":"en_GB","og_type":"article","og_title":"Pol\u00edtica de privacidad - Creaci\u00f3n de contenidos para marcas","og_description":"A los efectos previstos en la ley org\u00e1nica 15\/1999 , de 13 de diciembre , sobre protecci\u00f3n de datos de car\u00e1cter personal , se le informa que los datos personales proporcionados se incorporan a los ficheros de www.veamsvisuals.com . La finalidad del tratamiento de dichos datos ser\u00e1 la de la gesti\u00f3n de estos para que [&hellip;]","og_url":"https:\/\/veamvisuals.com\/en\/politica-privacidad\/","og_site_name":"Creaci\u00f3n de contenidos para marcas","article_modified_time":"2023-08-30T07:33:49+00:00","twitter_card":"summary_large_image","twitter_misc":{"Estimated reading time":"1 minute"},"schema":{"@context":"https:\/\/schema.org","@graph":[{"@type":"WebPage","@id":"https:\/\/veamvisuals.com\/politica-privacidad\/","url":"https:\/\/veamvisuals.com\/politica-privacidad\/","name":"Pol\u00edtica de privacidad - Creaci\u00f3n de contenidos para marcas","isPartOf":{"@id":"https:\/\/veamvisuals.com\/#website"},"datePublished":"2021-08-02T15:13:26+00:00","dateModified":"2023-08-30T07:33:49+00:00","breadcrumb":{"@id":"https:\/\/veamvisuals.com\/politica-privacidad\/#breadcrumb"},"inLanguage":"en-GB","potentialAction":[{"@type":"ReadAction","target":["https:\/\/veamvisuals.com\/politica-privacidad\/"]}]},{"@type":"BreadcrumbList","@id":"https:\/\/veamvisuals.com\/politica-privacidad\/#breadcrumb","itemListElement":[{"@type":"ListItem","position":1,"name":"Portada","item":"https:\/\/veamvisuals.com\/"},{"@type":"ListItem","position":2,"name":"Pol\u00edtica de privacidad"}]},{"@type":"WebSite","@id":"https:\/\/veamvisuals.com\/#website","url":"https:\/\/veamvisuals.com\/","name":"Creaci\u00f3n de contenidos para marcas","description":"impulsando la visibilidad de las marcas","publisher":{"@id":"https:\/\/veamvisuals.com\/#organization"},"potentialAction":[{"@type":"SearchAction","target":{"@type":"EntryPoint","urlTemplate":"https:\/\/veamvisuals.com\/?s={search_term_string}"},"query-input":{"@type":"PropertyValueSpecification","valueRequired":true,"valueName":"search_term_string"}}],"inLanguage":"en-GB"},{"@type":"Organization","@id":"https:\/\/veamvisuals.com\/#organization","name":"Creaci\u00f3n de contenidos para marcas","url":"https:\/\/veamvisuals.com\/","logo":{"@type":"ImageObject","inLanguage":"en-GB","@id":"https:\/\/veamvisuals.com\/#\/schema\/logo\/image\/","url":"https:\/\/veamvisuals.com\/wp-content\/uploads\/2021\/08\/OK_logo-secundario.png","contentUrl":"https:\/\/veamvisuals.com\/wp-content\/uploads\/2021\/08\/OK_logo-secundario.png","width":800,"height":1040,"caption":"Creaci\u00f3n de contenidos para marcas"},"image":{"@id":"https:\/\/veamvisuals.com\/#\/schema\/logo\/image\/"}}]}},"_links":{"self":[{"href":"https:\/\/veamvisuals.com\/en\/wp-json\/wp\/v2\/pages\/3","targetHints":{"allow":["GET"]}}],"collection":[{"href":"https:\/\/veamvisuals.com\/en\/wp-json\/wp\/v2\/pages"}],"about":[{"href":"https:\/\/veamvisuals.com\/en\/wp-json\/wp\/v2\/types\/page"}],"author":[{"embeddable":true,"href":"https:\/\/veamvisuals.com\/en\/wp-json\/wp\/v2\/users\/1"}],"replies":[{"embeddable":true,"href":"https:\/\/veamvisuals.com\/en\/wp-json\/wp\/v2\/comments?post=3"}],"version-history":[{"count":1,"href":"https:\/\/veamvisuals.com\/en\/wp-json\/wp\/v2\/pages\/3\/revisions"}],"predecessor-version":[{"id":1103,"href":"https:\/\/veamvisuals.com\/en\/wp-json\/wp\/v2\/pages\/3\/revisions\/1103"}],"wp:attachment":[{"href":"https:\/\/veamvisuals.com\/en\/wp-json\/wp\/v2\/media?parent=3"}],"curies":[{"name":"wp","href":"https:\/\/api.w.org\/{rel}","templated":true}]}}