{"id":1104,"date":"2023-08-30T06:35:20","date_gmt":"2023-08-30T07:35:20","guid":{"rendered":"https:\/\/veamvisuals.com\/?page_id=1104"},"modified":"2023-08-30T06:35:20","modified_gmt":"2023-08-30T07:35:20","slug":"aviso-legal","status":"publish","type":"page","link":"https:\/\/veamvisuals.com\/en\/aviso-legal\/","title":{"rendered":"Aviso Legal"},"content":{"rendered":"<p>El presente Aviso Legal regula el acceso, navegaci\u00f3n y uso del sitio web https:\/\/www.veamvisuals.com(en adelante el Sitio Web).<\/p>\n\n\n\n<p>Las condiciones que se establecen en este Aviso Legal son de aplicaci\u00f3n supletoria en el caso de que la empresa estableciera condiciones particulares para el uso y\/o contrataci\u00f3n de servicios espec\u00edficos.<\/p>\n\n\n\n<p>1.- DERECHO DE INFORMACI\u00d3N<\/p>\n\n\n\n<p>En cumplimiento con el deber de informaci\u00f3n recogido en art\u00edculo 10 de la Ley 34\/2002, de 11 de Julio, de Servicios de la Sociedad de la Informaci\u00f3n y del Comercio Electr\u00f3nico, le informamos que el Sitio Web es titularidad de veamvisuals.<\/p>\n\n\n\n<p>Usted puede ponerse en contacto con nosotros a trav\u00e9s de la siguiente direcci\u00f3n de correo electr\u00f3nico hello@veamvisuals.com<\/p>\n\n\n\n<p>2.- USUARIOS<\/p>\n\n\n\n<p>El acceso y\/o uso al Sitio Web le atribuye la condici\u00f3n de Usuario, y acepta, desde dicho acceso y\/o uso, el presente Aviso Legal.<\/p>\n\n\n\n<p>3.- USO DEL SITIO WEB<\/p>\n\n\n\n<p>El Sitio Web puede proporcionar acceso a multitud de textos, gr\u00e1ficos, dibujos, dise\u00f1os, c\u00f3digos, software, fotograf\u00edas, m\u00fasica, v\u00eddeos, sonidos, bases de datos, im\u00e1genes, expresiones e informaciones (en adelante, \u201cContenidos\u201d) pertenecientes a la empresa o a terceros a los que el Usuario puede tener acceso.<\/p>\n\n\n\n<p>El Usuario asume la responsabilidad del uso del Sitio Web. Dicha responsabilidad se extiende al registro que, en su caso, sea necesario para acceder a Contenidos o servicios que preste el Sitio Web.<\/p>\n\n\n\n<p>El Usuario se compromete a hacer un uso adecuado de los Contenidos y servicios ofrecidos a trav\u00e9s del Sitio Web y con car\u00e1cter enunciativo pero no limitativo, a no emplearlos para (I) incurrir en actividades il\u00edcitas, ilegales o contrarias a la buena fe y al orden p\u00fablico; (II) provocar da\u00f1os en los sistemas f\u00edsicos y l\u00f3gicos del titular del Sitio Web, de sus proveedores o de terceras personas, (III) introducir o difundir en la red virus inform\u00e1ticos o cualesquiera otros sistemas f\u00edsicos o l\u00f3gicos que sean susceptibles de provocar los da\u00f1os anteriormente mencionados.<\/p>\n\n\n\n<p>4.- RESPONSABILIDAD Y GARANT\u00cdAS<\/p>\n\n\n\n<p>La Lumia declara que ha adoptado las medidas necesarias que, dentro de sus posibilidades y el estado de la tecnolog\u00eda, permitan el correcto funcionamiento de su sitio Web as\u00ed como la ausencia de virus y componentes da\u00f1inos. Sin embargo, no puede hacerse responsable de: (a) la continuidad y disponibilidad de los contenidos y servicios; (b) la ausencia de errores en dichos contenidos ni la correcci\u00f3n de cualquier defecto que pudiera ocurrir; (c) la ausencia de virus y\/o dem\u00e1s componentes da\u00f1inos; (d) los da\u00f1os o perjuicios que cause cualquier persona que vulnere los sistemas de seguridad de veamvisuals.<\/p>\n\n\n\n<p>El sitio WEB podr\u00e1 suspender temporalmente y sin previo aviso, la accesibilidad al sitio Web con motivo de operaciones de mantenimiento, reparaci\u00f3n, actualizaci\u00f3n o mejora.<\/p>\n\n\n\n<p>El sitio WEB no asume ninguna responsabilidad sobre los enlaces a otras p\u00e1ginas web que se encuentren en el sitio Web, pudiendo llevar al Usuario a otros sitios web sobre los que el sitio WEB no tiene ning\u00fan tipo de control, por lo que el Usuario accede bajo su exclusiva responsabilidad al contenido y en las condiciones de uso que rijan en los mismos.<\/p>\n\n\n\n<p>El sitio WEB no se responsabiliza del uso que los usuarios puedan hacer de los Contenidos y servicios incluidos en el sitio WEB. En consecuencia, no garantiza que el uso que los usuarios puedan hacer de los contenidos y servicios que en su caso se incluyan en el sitio Web, se ajusten al presente Aviso Legal, ni que lo hagan de forma diligente.<\/p>\n\n\n\n<p>5.- DURACI\u00d3N Y MODIFICACI\u00d3N<\/p>\n\n\n\n<p>Las condiciones del presente Aviso Legal estar\u00e1n vigentes hasta que sean modificadas, pudiendo el sitio WEB efectuar estos cambios sin previo aviso, por lo que recomienda al Usuario leer estas condiciones atentamente cada vez que acceda al sitio web.<\/p>\n\n\n\n<p>El sitio WEB podr\u00e1 suprimir, a\u00f1adir o cambiar tanto los contenidos como los servicios que presta, as\u00ed como tambi\u00e9n la forma en la que los mismos aparezcan localizados o presentados. Se entienden como vigentes, las condiciones que est\u00e9n publicadas en el momento en el que el usuario acceda al sitio Web.<\/p>\n\n\n\n<p>El acceso y\/o el uso del sitio Web se entender\u00e1n como una aceptaci\u00f3n por parte del usuario de las condiciones del presente Aviso Legal y, en su caso, los cambios efectuados en las mismas.<\/p>","protected":false},"excerpt":{"rendered":"<p>El presente Aviso Legal regula el acceso, navegaci\u00f3n y uso del sitio web https:\/\/www.veamvisuals.com(en adelante el Sitio Web). Las condiciones que se establecen en este Aviso Legal son de aplicaci\u00f3n supletoria en el caso de que la empresa estableciera condiciones particulares para el uso y\/o contrataci\u00f3n de servicios espec\u00edficos. 1.- DERECHO DE INFORMACI\u00d3N En cumplimiento [&hellip;]<\/p>","protected":false},"author":1,"featured_media":0,"parent":0,"menu_order":0,"comment_status":"closed","ping_status":"closed","template":"","meta":{"_joinchat":[],"footnotes":""},"class_list":["post-1104","page","type-page","status-publish","hentry"],"yoast_head":"<!-- This site is optimized with the Yoast SEO plugin v25.6 - https:\/\/yoast.com\/wordpress\/plugins\/seo\/ -->\n<title>Aviso Legal - Creaci\u00f3n de contenidos para marcas<\/title>\n<meta name=\"robots\" content=\"index, follow, max-snippet:-1, max-image-preview:large, max-video-preview:-1\" \/>\n<link rel=\"canonical\" href=\"https:\/\/veamvisuals.com\/en\/aviso-legal\/\" \/>\n<meta property=\"og:locale\" content=\"en_GB\" \/>\n<meta property=\"og:type\" content=\"article\" \/>\n<meta property=\"og:title\" content=\"Aviso Legal - Creaci\u00f3n de contenidos para marcas\" \/>\n<meta property=\"og:description\" content=\"El presente Aviso Legal regula el acceso, navegaci\u00f3n y uso del sitio web https:\/\/www.veamvisuals.com(en adelante el Sitio Web). Las condiciones que se establecen en este Aviso Legal son de aplicaci\u00f3n supletoria en el caso de que la empresa estableciera condiciones particulares para el uso y\/o contrataci\u00f3n de servicios espec\u00edficos. 1.- DERECHO DE INFORMACI\u00d3N En cumplimiento [&hellip;]\" \/>\n<meta property=\"og:url\" content=\"https:\/\/veamvisuals.com\/en\/aviso-legal\/\" \/>\n<meta property=\"og:site_name\" content=\"Creaci\u00f3n de contenidos para marcas\" \/>\n<meta name=\"twitter:card\" content=\"summary_large_image\" \/>\n<meta name=\"twitter:label1\" content=\"Estimated reading time\" \/>\n\t<meta name=\"twitter:data1\" content=\"4 minutes\" \/>\n<script type=\"application\/ld+json\" class=\"yoast-schema-graph\">{\"@context\":\"https:\/\/schema.org\",\"@graph\":[{\"@type\":\"WebPage\",\"@id\":\"https:\/\/veamvisuals.com\/aviso-legal\/\",\"url\":\"https:\/\/veamvisuals.com\/aviso-legal\/\",\"name\":\"Aviso Legal - Creaci\u00f3n de contenidos para marcas\",\"isPartOf\":{\"@id\":\"https:\/\/veamvisuals.com\/#website\"},\"datePublished\":\"2023-08-30T07:35:20+00:00\",\"breadcrumb\":{\"@id\":\"https:\/\/veamvisuals.com\/aviso-legal\/#breadcrumb\"},\"inLanguage\":\"en-GB\",\"potentialAction\":[{\"@type\":\"ReadAction\",\"target\":[\"https:\/\/veamvisuals.com\/aviso-legal\/\"]}]},{\"@type\":\"BreadcrumbList\",\"@id\":\"https:\/\/veamvisuals.com\/aviso-legal\/#breadcrumb\",\"itemListElement\":[{\"@type\":\"ListItem\",\"position\":1,\"name\":\"Portada\",\"item\":\"https:\/\/veamvisuals.com\/\"},{\"@type\":\"ListItem\",\"position\":2,\"name\":\"Aviso Legal\"}]},{\"@type\":\"WebSite\",\"@id\":\"https:\/\/veamvisuals.com\/#website\",\"url\":\"https:\/\/veamvisuals.com\/\",\"name\":\"Creaci\u00f3n de contenidos para marcas\",\"description\":\"impulsando la visibilidad de las marcas\",\"publisher\":{\"@id\":\"https:\/\/veamvisuals.com\/#organization\"},\"potentialAction\":[{\"@type\":\"SearchAction\",\"target\":{\"@type\":\"EntryPoint\",\"urlTemplate\":\"https:\/\/veamvisuals.com\/?s={search_term_string}\"},\"query-input\":{\"@type\":\"PropertyValueSpecification\",\"valueRequired\":true,\"valueName\":\"search_term_string\"}}],\"inLanguage\":\"en-GB\"},{\"@type\":\"Organization\",\"@id\":\"https:\/\/veamvisuals.com\/#organization\",\"name\":\"Creaci\u00f3n de contenidos para marcas\",\"url\":\"https:\/\/veamvisuals.com\/\",\"logo\":{\"@type\":\"ImageObject\",\"inLanguage\":\"en-GB\",\"@id\":\"https:\/\/veamvisuals.com\/#\/schema\/logo\/image\/\",\"url\":\"https:\/\/veamvisuals.com\/wp-content\/uploads\/2021\/08\/OK_logo-secundario.png\",\"contentUrl\":\"https:\/\/veamvisuals.com\/wp-content\/uploads\/2021\/08\/OK_logo-secundario.png\",\"width\":800,\"height\":1040,\"caption\":\"Creaci\u00f3n de contenidos para marcas\"},\"image\":{\"@id\":\"https:\/\/veamvisuals.com\/#\/schema\/logo\/image\/\"}}]}<\/script>\n<!-- \/ Yoast SEO plugin. -->","yoast_head_json":{"title":"Aviso Legal - Creaci\u00f3n de contenidos para marcas","robots":{"index":"index","follow":"follow","max-snippet":"max-snippet:-1","max-image-preview":"max-image-preview:large","max-video-preview":"max-video-preview:-1"},"canonical":"https:\/\/veamvisuals.com\/en\/aviso-legal\/","og_locale":"en_GB","og_type":"article","og_title":"Aviso Legal - Creaci\u00f3n de contenidos para marcas","og_description":"El presente Aviso Legal regula el acceso, navegaci\u00f3n y uso del sitio web https:\/\/www.veamvisuals.com(en adelante el Sitio Web). Las condiciones que se establecen en este Aviso Legal son de aplicaci\u00f3n supletoria en el caso de que la empresa estableciera condiciones particulares para el uso y\/o contrataci\u00f3n de servicios espec\u00edficos. 1.- DERECHO DE INFORMACI\u00d3N En cumplimiento [&hellip;]","og_url":"https:\/\/veamvisuals.com\/en\/aviso-legal\/","og_site_name":"Creaci\u00f3n de contenidos para marcas","twitter_card":"summary_large_image","twitter_misc":{"Estimated reading time":"4 minutes"},"schema":{"@context":"https:\/\/schema.org","@graph":[{"@type":"WebPage","@id":"https:\/\/veamvisuals.com\/aviso-legal\/","url":"https:\/\/veamvisuals.com\/aviso-legal\/","name":"Aviso Legal - Creaci\u00f3n de contenidos para marcas","isPartOf":{"@id":"https:\/\/veamvisuals.com\/#website"},"datePublished":"2023-08-30T07:35:20+00:00","breadcrumb":{"@id":"https:\/\/veamvisuals.com\/aviso-legal\/#breadcrumb"},"inLanguage":"en-GB","potentialAction":[{"@type":"ReadAction","target":["https:\/\/veamvisuals.com\/aviso-legal\/"]}]},{"@type":"BreadcrumbList","@id":"https:\/\/veamvisuals.com\/aviso-legal\/#breadcrumb","itemListElement":[{"@type":"ListItem","position":1,"name":"Portada","item":"https:\/\/veamvisuals.com\/"},{"@type":"ListItem","position":2,"name":"Aviso Legal"}]},{"@type":"WebSite","@id":"https:\/\/veamvisuals.com\/#website","url":"https:\/\/veamvisuals.com\/","name":"Creaci\u00f3n de contenidos para marcas","description":"impulsando la visibilidad de las marcas","publisher":{"@id":"https:\/\/veamvisuals.com\/#organization"},"potentialAction":[{"@type":"SearchAction","target":{"@type":"EntryPoint","urlTemplate":"https:\/\/veamvisuals.com\/?s={search_term_string}"},"query-input":{"@type":"PropertyValueSpecification","valueRequired":true,"valueName":"search_term_string"}}],"inLanguage":"en-GB"},{"@type":"Organization","@id":"https:\/\/veamvisuals.com\/#organization","name":"Creaci\u00f3n de contenidos para marcas","url":"https:\/\/veamvisuals.com\/","logo":{"@type":"ImageObject","inLanguage":"en-GB","@id":"https:\/\/veamvisuals.com\/#\/schema\/logo\/image\/","url":"https:\/\/veamvisuals.com\/wp-content\/uploads\/2021\/08\/OK_logo-secundario.png","contentUrl":"https:\/\/veamvisuals.com\/wp-content\/uploads\/2021\/08\/OK_logo-secundario.png","width":800,"height":1040,"caption":"Creaci\u00f3n de contenidos para marcas"},"image":{"@id":"https:\/\/veamvisuals.com\/#\/schema\/logo\/image\/"}}]}},"_links":{"self":[{"href":"https:\/\/veamvisuals.com\/en\/wp-json\/wp\/v2\/pages\/1104","targetHints":{"allow":["GET"]}}],"collection":[{"href":"https:\/\/veamvisuals.com\/en\/wp-json\/wp\/v2\/pages"}],"about":[{"href":"https:\/\/veamvisuals.com\/en\/wp-json\/wp\/v2\/types\/page"}],"author":[{"embeddable":true,"href":"https:\/\/veamvisuals.com\/en\/wp-json\/wp\/v2\/users\/1"}],"replies":[{"embeddable":true,"href":"https:\/\/veamvisuals.com\/en\/wp-json\/wp\/v2\/comments?post=1104"}],"version-history":[{"count":1,"href":"https:\/\/veamvisuals.com\/en\/wp-json\/wp\/v2\/pages\/1104\/revisions"}],"predecessor-version":[{"id":1105,"href":"https:\/\/veamvisuals.com\/en\/wp-json\/wp\/v2\/pages\/1104\/revisions\/1105"}],"wp:attachment":[{"href":"https:\/\/veamvisuals.com\/en\/wp-json\/wp\/v2\/media?parent=1104"}],"curies":[{"name":"wp","href":"https:\/\/api.w.org\/{rel}","templated":true}]}}